{"id":40862,"date":"2024-11-19T11:39:04","date_gmt":"2024-11-19T10:39:04","guid":{"rendered":"https:\/\/www.sailcom.ch\/product\/product\/"},"modified":"2025-05-06T14:22:45","modified_gmt":"2025-05-06T12:22:45","slug":"event_40862","status":"publish","type":"product","link":"https:\/\/www.sailcom.ch\/de\/produkt\/event_40862\/","title":{"rendered":"5 Tage Segel Intensivkurs"},"content":{"rendered":"","protected":false},"excerpt":{"rendered":"<p>Teilnahme auch ohne SAILCOM Mitgliedschaft m\u00f6glich.<\/p>\n<p>An 5 Tagen mit je 7-8 Segelstunden, wirst Du in einer Gruppe von maximal 3 Teilnehmern am Segel Grundkurs dabei sein. An dem Kurs erlernst Du das Segeln und ist die Vorbereitung zur praktischen Segelpr\u00fcfung zum Schweizer Schiffsf\u00fchrer Kategorie D. Die Pr\u00fcfung findet am 5. Tag statt.<\/p>\n<p>In dem mehrt\u00e4gigen Segelcamp am am Bodensee ab Romanshorn werden wir in einer kleinen Gruppe (max. 3) an f\u00fcnf Tagen intensiv das Segeln lernen und \u00fcben, sowie auch den Lifestyle und das Leben auf einer hochseetauglichen Yacht kennenlernen.<\/p>\n<p>Die \u00dcbernachtung auf dem Schiff in einer Kabine zur alleinigen Nutzung ist im Preis inbegriffen. Leckeres Essen an Bord oder ausw\u00e4rts in einem der sch\u00f6nen Restaurants am Hafen von Romanshorn sowie jede menge Seemannsgarn sind sicher.<\/p>\n<p>Das Schiff ist sehr ger\u00e4umig mit viel Platz auch unter Deck. Das grosse Cockpit bietet einen sicheren Aufenthaltsort mit bequemer Sitzm\u00f6glichkeit und einem ausklappbaren Tisch. Weitere Sitzm\u00f6glichkeiten sind bei den beiden Steuerr\u00e4dern und am Heck des Schiffs.<\/p>\n<p>Unter Deck gibt es eine Toilette mit Waschbecken und eine kleine K\u00fcche mit K\u00fchlschrank, Kochherd und Sp\u00fcle. Hier k\u00f6nnen wir uns auch eine kleine Mahlzeit zubereiten.<\/p>\n<p>Alle Man\u00f6ver die zum Erwerb des Segelscheins gepr\u00fcft werden k\u00f6nnen, werden erkl\u00e4rt, vorgef\u00fchrt und ausgiebig ge\u00fcbt. Die Pr\u00fcfung findet am 5. Tag statt. Pr\u00fcfungsgeb\u00fchren f\u00fcr den Experten und das Schiffahrtsamt sind nicht im Preis enthalten.<\/p>\n<p>Voraussetzung f\u00fcr die Teilnahme an der Pr\u00fcfung ist die bestandene theoretische Pr\u00fcfung zum Schiffsf\u00fchrer der Kategorie D. Der Event findet ab 2 Teilnehmern statt.<\/p>\n<p>Alle meine Segelevents und T\u00f6rns findest du hier:<br \/>\nhttps:\/\/segelschule-namaste.ch\/veranstaltungen\/<\/p>\n<p>Ich freue mich dich bald zum Segelgrundkurs an Bord begr\u00fcssen zu d\u00fcrfen,<br \/>\nRobin<\/p>\n","protected":false},"author":3557,"featured_media":37626,"template":"","meta":{"_acf_changed":false,"publish_to_discourse":"","publish_post_category":"","wpdc_auto_publish_overridden":"","wpdc_topic_tags":"","wpdc_pin_topic":"","wpdc_pin_until":"","discourse_post_id":"","discourse_permalink":"","wpdc_publishing_response":"","wpdc_publishing_error":""},"product_brand":[],"product_cat":[15],"product_tag":[],"sailcom-capability":[],"sailcom-location":[339],"sailcom-event-type":[373,364,374],"sailcom-boat-type":[],"class_list":{"0":"post-40862","1":"product","2":"type-product","3":"status-publish","4":"has-post-thumbnail","6":"product_cat-uncategorised","7":"sailcom-location-bodensee","8":"sailcom-event-type-einweisungen","9":"sailcom-event-type-sail-along","10":"sailcom-event-type-skippertraining","12":"first","13":"outofstock","14":"taxable","15":"shipping-taxable","16":"product-type-sc_event"},"acf":[],"_links":{"self":[{"href":"https:\/\/www.sailcom.ch\/de\/wp-json\/wp\/v2\/product\/40862","targetHints":{"allow":["GET"]}}],"collection":[{"href":"https:\/\/www.sailcom.ch\/de\/wp-json\/wp\/v2\/product"}],"about":[{"href":"https:\/\/www.sailcom.ch\/de\/wp-json\/wp\/v2\/types\/product"}],"author":[{"embeddable":true,"href":"https:\/\/www.sailcom.ch\/de\/wp-json\/wp\/v2\/users\/3557"}],"wp:featuredmedia":[{"embeddable":true,"href":"https:\/\/www.sailcom.ch\/de\/wp-json\/wp\/v2\/media\/37626"}],"wp:attachment":[{"href":"https:\/\/www.sailcom.ch\/de\/wp-json\/wp\/v2\/media?parent=40862"}],"wp:term":[{"taxonomy":"product_brand","embeddable":true,"href":"https:\/\/www.sailcom.ch\/de\/wp-json\/wp\/v2\/product_brand?post=40862"},{"taxonomy":"product_cat","embeddable":true,"href":"https:\/\/www.sailcom.ch\/de\/wp-json\/wp\/v2\/product_cat?post=40862"},{"taxonomy":"product_tag","embeddable":true,"href":"https:\/\/www.sailcom.ch\/de\/wp-json\/wp\/v2\/product_tag?post=40862"},{"taxonomy":"sailcom-capability","embeddable":true,"href":"https:\/\/www.sailcom.ch\/de\/wp-json\/wp\/v2\/sailcom-capability?post=40862"},{"taxonomy":"sailcom-location","embeddable":true,"href":"https:\/\/www.sailcom.ch\/de\/wp-json\/wp\/v2\/sailcom-location?post=40862"},{"taxonomy":"sailcom-event-type","embeddable":true,"href":"https:\/\/www.sailcom.ch\/de\/wp-json\/wp\/v2\/sailcom-event-type?post=40862"},{"taxonomy":"sailcom-boat-type","embeddable":true,"href":"https:\/\/www.sailcom.ch\/de\/wp-json\/wp\/v2\/sailcom-boat-type?post=40862"}],"curies":[{"name":"wp","href":"https:\/\/api.w.org\/{rel}","templated":true}]}}