{"id":40751,"date":"2024-11-18T23:32:00","date_gmt":"2024-11-18T22:32:00","guid":{"rendered":"https:\/\/www.sailcom.ch\/product\/product\/"},"modified":"2024-12-13T15:55:21","modified_gmt":"2024-12-13T14:55:21","slug":"event_40751","status":"publish","type":"product","link":"https:\/\/www.sailcom.ch\/de\/produkt\/event_40751\/","title":{"rendered":"Segelkreuzfahrt ab Romanshorn, Bodensee"},"content":{"rendered":"","protected":false},"excerpt":{"rendered":"<p>Teilnahme auch ohne SAILCOM Mitgliedschaft.<\/p>\n<p>Komm mit uns zum Plauschsegeln auf einer Bavaria 34 am Bodensee ab Romanshorn. Auch f\u00fcr Kinder (bis 12 Jahre 50% vom Preis) in Begleitung geeignet.<\/p>\n<p>Gerne weise ich euch auch in die Grundlagen des Segelns ein. Ihr k\u00f6nnt aktiv dabei sein, die Segel hochziehen und trimmen, das Schiff steuern, oder einfach nur geniessen und zuschauen.<\/p>\n<p>Das Schiff ist sehr ger\u00e4umig mit viel Platz auch unter Deck. Das grosse Cockpit bietet einen sicheren Aufenthaltsort mit bequemer Sitzm\u00f6glichkeit und einem ausklappbaren Tisch. Weitere Sitzm\u00f6glichkeiten sind bei den beiden Steuerr\u00e4dern und am Heck des Schiffs.<\/p>\n<p>Unter Deck gibt es eine Toilette mit Waschbecken und eine kleine K\u00fcche mit K\u00fchlschrank, Kochherd und Sp\u00fcle. Hier k\u00f6nnen wir uns auch eine kleine Mahlzeit zubereiten.<\/p>\n<p>Alle meine Segelt\u00f6rns und Events findet ihr hier:<br \/>\nhttps:\/\/segelschule-namaste.ch\/veranstaltungen\/<\/p>\n<p>Ich freue mich euch bald an Bord begr\u00fcssen zu d\u00fcrfen,<br \/>\nRobin<\/p>\n","protected":false},"author":3557,"featured_media":37626,"template":"","meta":{"_acf_changed":false,"publish_to_discourse":"","publish_post_category":"","wpdc_auto_publish_overridden":"","wpdc_topic_tags":"","wpdc_pin_topic":"","wpdc_pin_until":"","discourse_post_id":"","discourse_permalink":"","wpdc_publishing_response":"","wpdc_publishing_error":""},"product_brand":[],"product_cat":[15],"product_tag":[],"sailcom-capability":[],"sailcom-location":[339],"sailcom-event-type":[373,364],"sailcom-boat-type":[],"class_list":{"0":"post-40751","1":"product","2":"type-product","3":"status-publish","4":"has-post-thumbnail","6":"product_cat-uncategorised","7":"sailcom-location-bodensee","8":"sailcom-event-type-einweisungen","9":"sailcom-event-type-sail-along","11":"first","12":"instock","13":"taxable","14":"shipping-taxable","15":"product-type-sc_event"},"acf":[],"_links":{"self":[{"href":"https:\/\/www.sailcom.ch\/de\/wp-json\/wp\/v2\/product\/40751","targetHints":{"allow":["GET"]}}],"collection":[{"href":"https:\/\/www.sailcom.ch\/de\/wp-json\/wp\/v2\/product"}],"about":[{"href":"https:\/\/www.sailcom.ch\/de\/wp-json\/wp\/v2\/types\/product"}],"author":[{"embeddable":true,"href":"https:\/\/www.sailcom.ch\/de\/wp-json\/wp\/v2\/users\/3557"}],"wp:featuredmedia":[{"embeddable":true,"href":"https:\/\/www.sailcom.ch\/de\/wp-json\/wp\/v2\/media\/37626"}],"wp:attachment":[{"href":"https:\/\/www.sailcom.ch\/de\/wp-json\/wp\/v2\/media?parent=40751"}],"wp:term":[{"taxonomy":"product_brand","embeddable":true,"href":"https:\/\/www.sailcom.ch\/de\/wp-json\/wp\/v2\/product_brand?post=40751"},{"taxonomy":"product_cat","embeddable":true,"href":"https:\/\/www.sailcom.ch\/de\/wp-json\/wp\/v2\/product_cat?post=40751"},{"taxonomy":"product_tag","embeddable":true,"href":"https:\/\/www.sailcom.ch\/de\/wp-json\/wp\/v2\/product_tag?post=40751"},{"taxonomy":"sailcom-capability","embeddable":true,"href":"https:\/\/www.sailcom.ch\/de\/wp-json\/wp\/v2\/sailcom-capability?post=40751"},{"taxonomy":"sailcom-location","embeddable":true,"href":"https:\/\/www.sailcom.ch\/de\/wp-json\/wp\/v2\/sailcom-location?post=40751"},{"taxonomy":"sailcom-event-type","embeddable":true,"href":"https:\/\/www.sailcom.ch\/de\/wp-json\/wp\/v2\/sailcom-event-type?post=40751"},{"taxonomy":"sailcom-boat-type","embeddable":true,"href":"https:\/\/www.sailcom.ch\/de\/wp-json\/wp\/v2\/sailcom-boat-type?post=40751"}],"curies":[{"name":"wp","href":"https:\/\/api.w.org\/{rel}","templated":true}]}}