{"id":40454,"date":"2024-11-01T16:03:11","date_gmt":"2024-11-01T15:03:11","guid":{"rendered":"https:\/\/www.sailcom.ch\/product\/product\/"},"modified":"2024-11-01T21:35:42","modified_gmt":"2024-11-01T20:35:42","slug":"event_40454","status":"publish","type":"product","link":"https:\/\/www.sailcom.ch\/de\/produkt\/event_40454\/","title":{"rendered":"Herbst-Segeln auf der First 27 SE (Romanshorn)"},"content":{"rendered":"","protected":false},"excerpt":{"rendered":"<p>Im Herbst zu segeln, hat seinen besonderen Reiz: Vielleicht gibt&#039;s Sonnenschein, Nebelschwaden, k\u00fchle Winde, farbige B\u00e4ume am Ufer und eine erholsame Ruhe auf dem See. Das gemeinsame Segelerlebnis steht im Vordergrund.<br \/>\nEs stehen f\u00fcnf Pl\u00e4tze auf der sportlich-sicheren First 27 SE zur Verf\u00fcgung, begleitet von einem erfahrenen Skipper.<br \/>\nTreffpunkt direkt auf dem Schiff, Gemeindehafen, Platz G14<br \/>\nMitnehmen: Warme Kleidung, vielleicht eine Thermosflasche, gute Laune&#8230;<\/p>\n","protected":false},"author":2804,"featured_media":1530,"template":"","meta":{"_acf_changed":false,"publish_to_discourse":"","publish_post_category":"","wpdc_auto_publish_overridden":"","wpdc_topic_tags":"","wpdc_pin_topic":"","wpdc_pin_until":"","discourse_post_id":"","discourse_permalink":"","wpdc_publishing_response":"","wpdc_publishing_error":""},"product_brand":[],"product_cat":[15],"product_tag":[],"sailcom-capability":[],"sailcom-location":[339],"sailcom-event-type":[364],"sailcom-boat-type":[],"class_list":{"0":"post-40454","1":"product","2":"type-product","3":"status-publish","4":"has-post-thumbnail","6":"product_cat-uncategorised","7":"sailcom-location-bodensee","8":"sailcom-event-type-sail-along","10":"first","11":"instock","12":"taxable","13":"shipping-taxable","14":"product-type-sc_event"},"acf":[],"_links":{"self":[{"href":"https:\/\/www.sailcom.ch\/de\/wp-json\/wp\/v2\/product\/40454","targetHints":{"allow":["GET"]}}],"collection":[{"href":"https:\/\/www.sailcom.ch\/de\/wp-json\/wp\/v2\/product"}],"about":[{"href":"https:\/\/www.sailcom.ch\/de\/wp-json\/wp\/v2\/types\/product"}],"author":[{"embeddable":true,"href":"https:\/\/www.sailcom.ch\/de\/wp-json\/wp\/v2\/users\/2804"}],"wp:featuredmedia":[{"embeddable":true,"href":"https:\/\/www.sailcom.ch\/de\/wp-json\/wp\/v2\/media\/1530"}],"wp:attachment":[{"href":"https:\/\/www.sailcom.ch\/de\/wp-json\/wp\/v2\/media?parent=40454"}],"wp:term":[{"taxonomy":"product_brand","embeddable":true,"href":"https:\/\/www.sailcom.ch\/de\/wp-json\/wp\/v2\/product_brand?post=40454"},{"taxonomy":"product_cat","embeddable":true,"href":"https:\/\/www.sailcom.ch\/de\/wp-json\/wp\/v2\/product_cat?post=40454"},{"taxonomy":"product_tag","embeddable":true,"href":"https:\/\/www.sailcom.ch\/de\/wp-json\/wp\/v2\/product_tag?post=40454"},{"taxonomy":"sailcom-capability","embeddable":true,"href":"https:\/\/www.sailcom.ch\/de\/wp-json\/wp\/v2\/sailcom-capability?post=40454"},{"taxonomy":"sailcom-location","embeddable":true,"href":"https:\/\/www.sailcom.ch\/de\/wp-json\/wp\/v2\/sailcom-location?post=40454"},{"taxonomy":"sailcom-event-type","embeddable":true,"href":"https:\/\/www.sailcom.ch\/de\/wp-json\/wp\/v2\/sailcom-event-type?post=40454"},{"taxonomy":"sailcom-boat-type","embeddable":true,"href":"https:\/\/www.sailcom.ch\/de\/wp-json\/wp\/v2\/sailcom-boat-type?post=40454"}],"curies":[{"name":"wp","href":"https:\/\/api.w.org\/{rel}","templated":true}]}}