{"id":37566,"date":"2024-08-20T18:19:52","date_gmt":"2024-08-20T16:19:52","guid":{"rendered":"https:\/\/www.sailcom.ch\/product\/product\/"},"modified":"2024-09-27T11:40:31","modified_gmt":"2024-09-27T09:40:31","slug":"event_37566","status":"publish","type":"product","link":"https:\/\/www.sailcom.ch\/de\/produkt\/event_37566\/","title":{"rendered":"Einweisung M1 Hallwilersee"},"content":{"rendered":"","protected":false},"excerpt":{"rendered":"<p>Hast Du Interesse mit der in Beinwil am See stationierten Moser M1 den Hallwilersee zu erkunden und m\u00f6chtest Dich individuell einweisen lassen? Dann melde dich doch einfach bei Peter Christen vom Bootsteam (079 696 29 23 oder christen.peter@mail.ch) und mach mit mir einen pers\u00f6nlich f\u00fcr dich passenden Termin ab (nat\u00fcrlich darfst du dich auch an jemanden Anderen vom Bootsteam wenden). Wir freuen uns auf Dein Interesse, bis bald am sch\u00f6nen Hallwilersee. Nat\u00fcrlich sind auch Refresher m\u00f6glich.<\/p>\n","protected":false},"author":2735,"featured_media":1579,"template":"","meta":{"_acf_changed":false,"publish_to_discourse":"","publish_post_category":"","wpdc_auto_publish_overridden":"","wpdc_topic_tags":"","wpdc_pin_topic":"","wpdc_pin_until":"","discourse_post_id":"","discourse_permalink":"","wpdc_publishing_response":"","wpdc_publishing_error":""},"product_brand":[],"product_cat":[15],"product_tag":[],"sailcom-capability":[],"sailcom-location":[342],"sailcom-event-type":[373],"sailcom-boat-type":[],"class_list":{"0":"post-37566","1":"product","2":"type-product","3":"status-publish","4":"has-post-thumbnail","6":"product_cat-uncategorised","7":"sailcom-location-hallwilersee","8":"sailcom-event-type-einweisungen","10":"first","11":"instock","12":"taxable","13":"shipping-taxable","14":"product-type-sc_event"},"acf":[],"_links":{"self":[{"href":"https:\/\/www.sailcom.ch\/de\/wp-json\/wp\/v2\/product\/37566","targetHints":{"allow":["GET"]}}],"collection":[{"href":"https:\/\/www.sailcom.ch\/de\/wp-json\/wp\/v2\/product"}],"about":[{"href":"https:\/\/www.sailcom.ch\/de\/wp-json\/wp\/v2\/types\/product"}],"author":[{"embeddable":true,"href":"https:\/\/www.sailcom.ch\/de\/wp-json\/wp\/v2\/users\/2735"}],"wp:featuredmedia":[{"embeddable":true,"href":"https:\/\/www.sailcom.ch\/de\/wp-json\/wp\/v2\/media\/1579"}],"wp:attachment":[{"href":"https:\/\/www.sailcom.ch\/de\/wp-json\/wp\/v2\/media?parent=37566"}],"wp:term":[{"taxonomy":"product_brand","embeddable":true,"href":"https:\/\/www.sailcom.ch\/de\/wp-json\/wp\/v2\/product_brand?post=37566"},{"taxonomy":"product_cat","embeddable":true,"href":"https:\/\/www.sailcom.ch\/de\/wp-json\/wp\/v2\/product_cat?post=37566"},{"taxonomy":"product_tag","embeddable":true,"href":"https:\/\/www.sailcom.ch\/de\/wp-json\/wp\/v2\/product_tag?post=37566"},{"taxonomy":"sailcom-capability","embeddable":true,"href":"https:\/\/www.sailcom.ch\/de\/wp-json\/wp\/v2\/sailcom-capability?post=37566"},{"taxonomy":"sailcom-location","embeddable":true,"href":"https:\/\/www.sailcom.ch\/de\/wp-json\/wp\/v2\/sailcom-location?post=37566"},{"taxonomy":"sailcom-event-type","embeddable":true,"href":"https:\/\/www.sailcom.ch\/de\/wp-json\/wp\/v2\/sailcom-event-type?post=37566"},{"taxonomy":"sailcom-boat-type","embeddable":true,"href":"https:\/\/www.sailcom.ch\/de\/wp-json\/wp\/v2\/sailcom-boat-type?post=37566"}],"curies":[{"name":"wp","href":"https:\/\/api.w.org\/{rel}","templated":true}]}}