{"id":34761,"date":"2024-07-03T12:44:21","date_gmt":"2024-07-03T10:44:21","guid":{"rendered":"https:\/\/www.sailcom.ch\/product\/product\/"},"modified":"2024-07-03T12:44:22","modified_gmt":"2024-07-03T10:44:22","slug":"event_34761","status":"publish","type":"product","link":"https:\/\/www.sailcom.ch\/de\/produkt\/event_34761\/","title":{"rendered":"POLAAR | Starkwindtraining Donnerstag 04.07.24, 10:00 &#8211; 13:00"},"content":{"rendered":"","protected":false},"excerpt":{"rendered":"<p>POLAAR | Schweizer Segelschule | www.polaar.ch<br \/>\nStarkwindtraining Donnerstag 04.07.24, 10:00 &#8211; 13:00<\/p>\n<p>Der Wetterbericht verspricht morgen einen herrlichen Segeltag: Sonnige Abschnitte und 10 \u2013 20 kn Wind (18- 37km\/h, 3 \u2013 5 Bft). Streng genommen handelt es sich bei 3 \u2013 5 Beaufort (Bft) um eine \u00abm\u00e4ssige\u00bb bis \u00abfrische Brise\u00bb. \u00abStarker Wind\u00bb heissen Winde mit Geschwindigkeiten zwischen 22 und 28 kn (39 \u2013 49 km\/h oder 6 Bft) F\u00fcr uns Binnensee-Segler handelt es sich bei 4 \u2013 5 Bft aber bereits um Windst\u00e4rken, die im oberen Bereich der segelbaren Windverh\u00e4ltnisse liegen. Ideale Bedingungen also, f\u00fcr ein \u00abStarkwindtraining\u00bb auf dem Bodensee.<br \/>\nWir segeln morgen Donnerstag, 04.07.2024 zwischen 10:00 \u2013 13:00 mit der J\/70 EOS von SailCom ab Hafen Arbon. Die J\/70 ist gerade bei diesen Windst\u00e4rken ein gut zu beherrschendes Spassmobil. Spritzwasser und Gleitfahrten sind garantiert! Ideale Voraussetzungen, um Deine F\u00e4higkeiten bei viel Wind auszubauen und Sicherheit und Routine zu gewinnen.<br \/>\nAuf dem Programm stehen:<br \/>\nSegeltrimm und Segelf\u00fchrung bei Starkwind<br \/>\nReffen<br \/>\nBeidrehen, der \u00abRettungsanker\u00bb bei Starkwind<br \/>\nWende und Hals mit viel Wind<br \/>\nGennaker segeln in Gleitfahrt<br \/>\nWir segeln mit 3 \u2013 4 Personen. Das Starkwindtraining kostet CHF 85.- pro Person.<\/p>\n<p>Wir treffen uns direkt um 10:00 bei der J\/70 EOS im Hafen Arbon. Bring Deine Segelausr\u00fcstung mit (Segelhandschuhe, Segelschuhe, Regenschutz. Schwimmwesten stellen wir zur Verf\u00fcgung)!<\/p>\n<p>Bist Du dabei? Buche direkt hier oder \u00fcber unsere Webseite.<\/p>\n<p>Mehr Infos zu POLAAR und unser Angebot findest Du auf unserer Webseite www.polaar.ch<\/p>\n","protected":false},"author":3541,"featured_media":10809,"template":"","meta":{"_acf_changed":false,"publish_to_discourse":"","publish_post_category":"","wpdc_auto_publish_overridden":"","wpdc_topic_tags":"","wpdc_pin_topic":"","wpdc_pin_until":"","discourse_post_id":"","discourse_permalink":"","wpdc_publishing_response":"","wpdc_publishing_error":""},"product_brand":[],"product_cat":[15],"product_tag":[],"sailcom-capability":[],"sailcom-location":[339],"sailcom-event-type":[378,376],"sailcom-boat-type":[],"class_list":{"0":"post-34761","1":"product","2":"type-product","3":"status-publish","4":"has-post-thumbnail","6":"product_cat-uncategorised","7":"sailcom-location-bodensee","8":"sailcom-event-type-genisegeln","9":"sailcom-event-type-starkwindtraining","11":"first","12":"instock","13":"taxable","14":"shipping-taxable","15":"product-type-sc_event"},"acf":[],"_links":{"self":[{"href":"https:\/\/www.sailcom.ch\/de\/wp-json\/wp\/v2\/product\/34761","targetHints":{"allow":["GET"]}}],"collection":[{"href":"https:\/\/www.sailcom.ch\/de\/wp-json\/wp\/v2\/product"}],"about":[{"href":"https:\/\/www.sailcom.ch\/de\/wp-json\/wp\/v2\/types\/product"}],"author":[{"embeddable":true,"href":"https:\/\/www.sailcom.ch\/de\/wp-json\/wp\/v2\/users\/3541"}],"wp:featuredmedia":[{"embeddable":true,"href":"https:\/\/www.sailcom.ch\/de\/wp-json\/wp\/v2\/media\/10809"}],"wp:attachment":[{"href":"https:\/\/www.sailcom.ch\/de\/wp-json\/wp\/v2\/media?parent=34761"}],"wp:term":[{"taxonomy":"product_brand","embeddable":true,"href":"https:\/\/www.sailcom.ch\/de\/wp-json\/wp\/v2\/product_brand?post=34761"},{"taxonomy":"product_cat","embeddable":true,"href":"https:\/\/www.sailcom.ch\/de\/wp-json\/wp\/v2\/product_cat?post=34761"},{"taxonomy":"product_tag","embeddable":true,"href":"https:\/\/www.sailcom.ch\/de\/wp-json\/wp\/v2\/product_tag?post=34761"},{"taxonomy":"sailcom-capability","embeddable":true,"href":"https:\/\/www.sailcom.ch\/de\/wp-json\/wp\/v2\/sailcom-capability?post=34761"},{"taxonomy":"sailcom-location","embeddable":true,"href":"https:\/\/www.sailcom.ch\/de\/wp-json\/wp\/v2\/sailcom-location?post=34761"},{"taxonomy":"sailcom-event-type","embeddable":true,"href":"https:\/\/www.sailcom.ch\/de\/wp-json\/wp\/v2\/sailcom-event-type?post=34761"},{"taxonomy":"sailcom-boat-type","embeddable":true,"href":"https:\/\/www.sailcom.ch\/de\/wp-json\/wp\/v2\/sailcom-boat-type?post=34761"}],"curies":[{"name":"wp","href":"https:\/\/api.w.org\/{rel}","templated":true}]}}