{"id":34741,"date":"2024-07-02T22:31:30","date_gmt":"2024-07-02T20:31:30","guid":{"rendered":"https:\/\/www.sailcom.ch\/product\/product\/"},"modified":"2024-07-21T20:34:55","modified_gmt":"2024-07-21T18:34:55","slug":"event_34741","status":"publish","type":"product","link":"https:\/\/www.sailcom.ch\/de\/produkt\/event_34741\/","title":{"rendered":"Dufour 310: Den L\u00e9man bei Vollmond erleben\/Decouvrir le L\u00e9man sous pleine lune"},"content":{"rendered":"","protected":false},"excerpt":{"rendered":"<p>Wir starten am Sonntagnachmittag, fahren in den Abend hinein und geniessen ein Nachtessen an Bord.<br \/>\nBei Vollmond segeln wir gegen Mitternacht in einen Hafen wo wir \u00fcbernachten. Nach dem Fr\u00fchst\u00fcck bleibt uns genug Zeit zum Segeln, Baden und Seemannsgarn spinnen. Um 16.00 Uhr Abgabe des Bootes in Ouchy.<br \/>\nTreffpunkt: Dufour 310, Hafen Ouchy,  Mole Nord, Pl. 8 um 16.00 Uhr<br \/>\nBedingungen: Kein A &#8211; Schein erforderlich, ideal auch f\u00fcr NutzerInnen von Cruisern D<br \/>\nNach Anmeldung erh\u00e4lts du alle n\u00f6tigen Infos\/Details des Events.<br \/>\nKosten: Bei 4 Personen (inkl. Skipper) CHF 75.-,    bei 3 Pers. CHF 100.-  (TWINT m\u00f6glich),  plus Verpflegung<\/p>\n<p>Nous partons le dimanche apr\u00e8s-midi, naviguons dans la soir\u00e9e et savourons un souper \u00e0 bord. A la pleine lune, nous naviguerons vers minuit jusqu&#039;\u00e0 un port o\u00f9 nous passerons la nuit. Apr\u00e8s le petit-d\u00e9jeuner, il nous reste suffisamment de temps pour naviguer, nous baigner et faire des blagues de marins. \u00c0 16h00, remise du bateau \u00e0 Ouchy.<br \/>\nPoint de rencontre: Dufour 310, m\u00f4le nord pl. 8, \u00e0 16.00 heures.<br \/>\nConditions: On a pas besoin du permis A, c&#039;est ideal pour des membres qui naviguent habituellement avec des Cruiser D.<br \/>\nApr\u00e8s ton inscription tu re\u00e7ois plus d&#039;informations\/details.<br \/>\nFrais: CHF 75.- (avec 4 pers. incl Skipper), CHF 100.- (avec 3 pers.), payer avec TWINT possible, et encore des frais pour manger\/boire.<\/p>\n<p>Fragen\/Question: Tel. an J\u00fcrgen 079 643 26 11<\/p>\n","protected":false},"author":2755,"featured_media":0,"template":"","meta":{"_acf_changed":false,"publish_to_discourse":"","publish_post_category":"","wpdc_auto_publish_overridden":"","wpdc_topic_tags":"","wpdc_pin_topic":"","wpdc_pin_until":"","discourse_post_id":"","discourse_permalink":"","wpdc_publishing_response":"","wpdc_publishing_error":""},"product_brand":[],"product_cat":[15],"product_tag":[],"sailcom-capability":[],"sailcom-location":[340],"sailcom-event-type":[364],"sailcom-boat-type":[],"class_list":{"0":"post-34741","1":"product","2":"type-product","3":"status-publish","5":"product_cat-uncategorised","6":"sailcom-location-genfersee","7":"sailcom-event-type-sail-along","9":"first","10":"outofstock","11":"taxable","12":"shipping-taxable","13":"product-type-sc_event"},"acf":[],"_links":{"self":[{"href":"https:\/\/www.sailcom.ch\/de\/wp-json\/wp\/v2\/product\/34741","targetHints":{"allow":["GET"]}}],"collection":[{"href":"https:\/\/www.sailcom.ch\/de\/wp-json\/wp\/v2\/product"}],"about":[{"href":"https:\/\/www.sailcom.ch\/de\/wp-json\/wp\/v2\/types\/product"}],"author":[{"embeddable":true,"href":"https:\/\/www.sailcom.ch\/de\/wp-json\/wp\/v2\/users\/2755"}],"wp:attachment":[{"href":"https:\/\/www.sailcom.ch\/de\/wp-json\/wp\/v2\/media?parent=34741"}],"wp:term":[{"taxonomy":"product_brand","embeddable":true,"href":"https:\/\/www.sailcom.ch\/de\/wp-json\/wp\/v2\/product_brand?post=34741"},{"taxonomy":"product_cat","embeddable":true,"href":"https:\/\/www.sailcom.ch\/de\/wp-json\/wp\/v2\/product_cat?post=34741"},{"taxonomy":"product_tag","embeddable":true,"href":"https:\/\/www.sailcom.ch\/de\/wp-json\/wp\/v2\/product_tag?post=34741"},{"taxonomy":"sailcom-capability","embeddable":true,"href":"https:\/\/www.sailcom.ch\/de\/wp-json\/wp\/v2\/sailcom-capability?post=34741"},{"taxonomy":"sailcom-location","embeddable":true,"href":"https:\/\/www.sailcom.ch\/de\/wp-json\/wp\/v2\/sailcom-location?post=34741"},{"taxonomy":"sailcom-event-type","embeddable":true,"href":"https:\/\/www.sailcom.ch\/de\/wp-json\/wp\/v2\/sailcom-event-type?post=34741"},{"taxonomy":"sailcom-boat-type","embeddable":true,"href":"https:\/\/www.sailcom.ch\/de\/wp-json\/wp\/v2\/sailcom-boat-type?post=34741"}],"curies":[{"name":"wp","href":"https:\/\/api.w.org\/{rel}","templated":true}]}}