{"id":33331,"date":"2024-06-10T21:44:36","date_gmt":"2024-06-10T19:44:36","guid":{"rendered":"https:\/\/www.sailcom.ch\/product\/produkt\/"},"modified":"2024-06-10T22:02:49","modified_gmt":"2024-06-10T20:02:49","slug":"event_33331","status":"publish","type":"product","link":"https:\/\/www.sailcom.ch\/de\/produkt\/event_33331\/","title":{"rendered":"Dufour 310 Refresher, Schnuppersegeln f\u00fcr D \u2013 Schein Mitglieder, sortie en voile pour des gens avec permi D"},"content":{"rendered":"","protected":false},"excerpt":{"rendered":"<p>Refresher f\u00fcr alle schon Eingewiesenen , sowie Schnuppersegeln f\u00fcr alle mit D -Schein, welche gerne mal auf einem modernen Cruiser A Hand anlegen wollen. Auf Wunsch (falls A &#8211; Schein vorhanden) gilt dieser Event auch als Einweisung.<\/p>\n<p>Refresher pour des gens avec initiation sur le Dufour 310. Cette sortie en voile est aussi ideal pour ceux qui ont que le permis D et qui veulent faire connaissance avec un cruiser A modern.<br \/>\nTreffpunkt\/Point de rencontre:  Port d&#039;Ouchy, Nordquai Pl. 8,  beim Boot\/chez le bateau<br \/>\nKosten\/frais:  CHF 60.-  &#8211; CHF 75.-  Je nach Anzahl Teiln.\/selon nombre des participants (mit Twint m\u00f6glich)<\/p>\n<p>Ruth und Peter sind schon angemeldet. Es hat noch Platz f\u00fcr 2 Teiln.\/Il y a encore place pour deux personnes.<\/p>\n<p>Bedingungen:  Mittagslunch und Getr\u00e4nke mitnehmen. Dem Wetter entsprechende Kleidung. Der Event wird bei sehr schlechtem Wetter 2 Tage vorher abgesagt.<br \/>\nConditions: Prendre soi -m\u00eame un lunch et des boissons . V\u00eatements selon m\u00e9t\u00e9o. L&#039;\u00e9v\u00e8nement sera annul\u00e9 par tr\u00e8s mauvais temps (2 jours avant).<\/p>\n","protected":false},"author":2755,"featured_media":23729,"template":"","meta":{"_acf_changed":false,"publish_to_discourse":"","publish_post_category":"","wpdc_auto_publish_overridden":"","wpdc_topic_tags":"","wpdc_pin_topic":"","wpdc_pin_until":"","discourse_post_id":"","discourse_permalink":"","wpdc_publishing_response":"","wpdc_publishing_error":""},"product_brand":[],"product_cat":[15],"product_tag":[],"sailcom-capability":[],"sailcom-location":[],"sailcom-event-type":[],"sailcom-boat-type":[],"class_list":{"0":"post-33331","1":"product","2":"type-product","3":"status-publish","4":"has-post-thumbnail","6":"product_cat-uncategorised","8":"first","9":"instock","10":"taxable","11":"shipping-taxable","12":"product-type-sc_event"},"acf":[],"_links":{"self":[{"href":"https:\/\/www.sailcom.ch\/de\/wp-json\/wp\/v2\/product\/33331","targetHints":{"allow":["GET"]}}],"collection":[{"href":"https:\/\/www.sailcom.ch\/de\/wp-json\/wp\/v2\/product"}],"about":[{"href":"https:\/\/www.sailcom.ch\/de\/wp-json\/wp\/v2\/types\/product"}],"author":[{"embeddable":true,"href":"https:\/\/www.sailcom.ch\/de\/wp-json\/wp\/v2\/users\/2755"}],"wp:featuredmedia":[{"embeddable":true,"href":"https:\/\/www.sailcom.ch\/de\/wp-json\/wp\/v2\/media\/23729"}],"wp:attachment":[{"href":"https:\/\/www.sailcom.ch\/de\/wp-json\/wp\/v2\/media?parent=33331"}],"wp:term":[{"taxonomy":"product_brand","embeddable":true,"href":"https:\/\/www.sailcom.ch\/de\/wp-json\/wp\/v2\/product_brand?post=33331"},{"taxonomy":"product_cat","embeddable":true,"href":"https:\/\/www.sailcom.ch\/de\/wp-json\/wp\/v2\/product_cat?post=33331"},{"taxonomy":"product_tag","embeddable":true,"href":"https:\/\/www.sailcom.ch\/de\/wp-json\/wp\/v2\/product_tag?post=33331"},{"taxonomy":"sailcom-capability","embeddable":true,"href":"https:\/\/www.sailcom.ch\/de\/wp-json\/wp\/v2\/sailcom-capability?post=33331"},{"taxonomy":"sailcom-location","embeddable":true,"href":"https:\/\/www.sailcom.ch\/de\/wp-json\/wp\/v2\/sailcom-location?post=33331"},{"taxonomy":"sailcom-event-type","embeddable":true,"href":"https:\/\/www.sailcom.ch\/de\/wp-json\/wp\/v2\/sailcom-event-type?post=33331"},{"taxonomy":"sailcom-boat-type","embeddable":true,"href":"https:\/\/www.sailcom.ch\/de\/wp-json\/wp\/v2\/sailcom-boat-type?post=33331"}],"curies":[{"name":"wp","href":"https:\/\/api.w.org\/{rel}","templated":true}]}}