{"id":30698,"date":"2024-05-09T21:57:57","date_gmt":"2024-05-09T19:57:57","guid":{"rendered":"https:\/\/www.sailcom.ch\/product\/product\/"},"modified":"2024-05-29T19:25:50","modified_gmt":"2024-05-29T17:25:50","slug":"event_30698","status":"publish","type":"product","link":"https:\/\/www.sailcom.ch\/de\/produkt\/event_30698\/","title":{"rendered":"Neu: Dufour 310 Einweisung\/Initiation"},"content":{"rendered":"","protected":false},"excerpt":{"rendered":"<p>Speziell. Einweisung f\u00fcr Vincent und 2 weitere Mitglieder.<br \/>\nDu lernst unser neues Boot in Ouchy kennen, eine moderne Dufour 310. Nebst den \u00fcblichen Einweisungspunkten (Sicherheit, Ausstattung,Bordtechnik, Reffsystem) wirst du Hafenman\u00f6ver fahren (Doppelradsteuerung), anschl. kurzer Probeschlag unter Segeln.<br \/>\nBedingung: A- Schein<br \/>\nTreffpunkt: Dufour 310 Hafen Ouchy beim Mastturm<br \/>\nKosten: Richtet sich je nach Anzahl Teilnehmer*innen (CHF 70.- bei 3 Pers), Twint m\u00f6gl.<\/p>\n<p>Faire connaissance de notre nouveau bateau modern, un Dufour 310. Apr\u00e8s l&#039;initiation comme d&#039;habitude (s\u00e9curit\u00e9, \u00e9quipement, technique, prendre un ris) tu entraines des man\u0153uvres et ensuite on hisse les voiles pour un petit tour.<br \/>\nPoint de rencontre: Dufour 310. Port d&#039;Ouchy chez la tour pour travaux au m\u00e2t<br \/>\nCondition: Permis A!<br \/>\nFrais: Selon nombre des participants (CHF 70.- avec 3 pers.), Twint possible<\/p>\n","protected":false},"author":2755,"featured_media":23729,"template":"","meta":{"_acf_changed":false,"publish_to_discourse":"","publish_post_category":"","wpdc_auto_publish_overridden":"","wpdc_topic_tags":"","wpdc_pin_topic":"","wpdc_pin_until":"","discourse_post_id":"","discourse_permalink":"","wpdc_publishing_response":"","wpdc_publishing_error":""},"product_brand":[],"product_cat":[15],"product_tag":[],"sailcom-capability":[],"sailcom-location":[340],"sailcom-event-type":[373],"sailcom-boat-type":[],"class_list":{"0":"post-30698","1":"product","2":"type-product","3":"status-publish","4":"has-post-thumbnail","6":"product_cat-uncategorised","7":"sailcom-location-genfersee","8":"sailcom-event-type-einweisungen","10":"first","11":"outofstock","12":"taxable","13":"shipping-taxable","14":"product-type-sc_event"},"acf":[],"_links":{"self":[{"href":"https:\/\/www.sailcom.ch\/de\/wp-json\/wp\/v2\/product\/30698","targetHints":{"allow":["GET"]}}],"collection":[{"href":"https:\/\/www.sailcom.ch\/de\/wp-json\/wp\/v2\/product"}],"about":[{"href":"https:\/\/www.sailcom.ch\/de\/wp-json\/wp\/v2\/types\/product"}],"author":[{"embeddable":true,"href":"https:\/\/www.sailcom.ch\/de\/wp-json\/wp\/v2\/users\/2755"}],"wp:featuredmedia":[{"embeddable":true,"href":"https:\/\/www.sailcom.ch\/de\/wp-json\/wp\/v2\/media\/23729"}],"wp:attachment":[{"href":"https:\/\/www.sailcom.ch\/de\/wp-json\/wp\/v2\/media?parent=30698"}],"wp:term":[{"taxonomy":"product_brand","embeddable":true,"href":"https:\/\/www.sailcom.ch\/de\/wp-json\/wp\/v2\/product_brand?post=30698"},{"taxonomy":"product_cat","embeddable":true,"href":"https:\/\/www.sailcom.ch\/de\/wp-json\/wp\/v2\/product_cat?post=30698"},{"taxonomy":"product_tag","embeddable":true,"href":"https:\/\/www.sailcom.ch\/de\/wp-json\/wp\/v2\/product_tag?post=30698"},{"taxonomy":"sailcom-capability","embeddable":true,"href":"https:\/\/www.sailcom.ch\/de\/wp-json\/wp\/v2\/sailcom-capability?post=30698"},{"taxonomy":"sailcom-location","embeddable":true,"href":"https:\/\/www.sailcom.ch\/de\/wp-json\/wp\/v2\/sailcom-location?post=30698"},{"taxonomy":"sailcom-event-type","embeddable":true,"href":"https:\/\/www.sailcom.ch\/de\/wp-json\/wp\/v2\/sailcom-event-type?post=30698"},{"taxonomy":"sailcom-boat-type","embeddable":true,"href":"https:\/\/www.sailcom.ch\/de\/wp-json\/wp\/v2\/sailcom-boat-type?post=30698"}],"curies":[{"name":"wp","href":"https:\/\/api.w.org\/{rel}","templated":true}]}}