{"id":29365,"date":"2024-04-07T14:16:47","date_gmt":"2024-04-07T12:16:47","guid":{"rendered":"https:\/\/www.sailcom.ch\/product\/product\/"},"modified":"2024-04-16T20:10:59","modified_gmt":"2024-04-16T18:10:59","slug":"event_29365","status":"publish","type":"product","link":"https:\/\/www.sailcom.ch\/de\/produkt\/event_29365\/","title":{"rendered":"Zwei Tage, zwei Boote dolce vita und lavorare im Ticino!"},"content":{"rendered":"","protected":false},"excerpt":{"rendered":"<p>Zusammen erwecken wir unsere sch\u00f6nen Boote aus dem Winterschlaf, putzen sie auf Hochglanz und erledigen kleine Reparaturen.<br \/>\nNach getaner Arbeit, ruft das Abendessen, das wir, wie es sich im Tessin anbietet, in einer Pizzeria oder Grotto geniessen.<br \/>\nDie \u00dcbernachtung kann auf den Booten erfolgen.<br \/>\nAm zweiten Tag \u00fcben wir bei einer kurzen Einweisung das Handling der Boote, erhalten wichtige Informationen zum Hafen und lernen die Vorteile und T\u00fccken vom See kennen. Danach stehen Euch die beiden Boote zur pers\u00f6nlichen Nutzung offen.<br \/>\nAls Kr\u00f6nung fahren wir anschliessend mit beiden Booten aus, \u201ebaden\u201c bei den Pirateninseln und erkunden die Marina Cannero in Italien.<br \/>\nNebenbei sprechen wir \u00fcber die Hot Spot\u2018s vom Lago Maggiore und wie immer, wenn zwei Boote sich treffen, steigt in uns das Regattafieber auf.<br \/>\nNach einem Spaziergang durch das St\u00e4dtli, welches zurecht als Riviera vom Lago Maggiore gilt, essen wir zusammen in einem netten Restaurant, zu Mittag.<br \/>\nP\u00fcnktlich wird der S\u00fcdwind aufkommen und uns zur\u00fcck nach Ronco blasen. Dieser Wind ist perfekt, um den Gennaker auf der Sunbeam auszupacken. Auch unge\u00fcbte werden dem Reiz des orangen Segels verfallen und unter Anleitung festigen wir die Man\u00f6ver.<br \/>\nOder wir machen einen Stop in Cannobio, wo wir beste, hausgemachte, Gelati geniessen.<br \/>\nEs lohnt sich also einen Ausflug ins Tessin zu unternehmen und nebenbei kannst du Deinen Einsatz f\u00fcr den B- Status leisten und hast gen\u00fcgend Zeit f\u00fcr ein St\u00fcck Dolce Vita.<br \/>\nWas f\u00fcr Aussichten!<br \/>\nBis Du dabei?<br \/>\nWir vom Bootsteam freuen uns auf Dich.<br \/>\nDas Bootsteam Ticino<\/p>\n","protected":false},"author":2672,"featured_media":14124,"template":"","meta":{"_acf_changed":false,"publish_to_discourse":"","publish_post_category":"","wpdc_auto_publish_overridden":"","wpdc_topic_tags":"","wpdc_pin_topic":"","wpdc_pin_until":"","discourse_post_id":"","discourse_permalink":"","wpdc_publishing_response":"","wpdc_publishing_error":""},"product_brand":[],"product_cat":[15],"product_tag":[],"sailcom-capability":[],"sailcom-location":[343],"sailcom-event-type":[373,380],"sailcom-boat-type":[],"class_list":{"0":"post-29365","1":"product","2":"type-product","3":"status-publish","4":"has-post-thumbnail","6":"product_cat-uncategorised","7":"sailcom-location-lagomaggiore","8":"sailcom-event-type-einweisungen","9":"sailcom-event-type-maintenance","11":"first","12":"outofstock","13":"taxable","14":"shipping-taxable","15":"product-type-sc_event"},"acf":[],"_links":{"self":[{"href":"https:\/\/www.sailcom.ch\/de\/wp-json\/wp\/v2\/product\/29365","targetHints":{"allow":["GET"]}}],"collection":[{"href":"https:\/\/www.sailcom.ch\/de\/wp-json\/wp\/v2\/product"}],"about":[{"href":"https:\/\/www.sailcom.ch\/de\/wp-json\/wp\/v2\/types\/product"}],"author":[{"embeddable":true,"href":"https:\/\/www.sailcom.ch\/de\/wp-json\/wp\/v2\/users\/2672"}],"wp:featuredmedia":[{"embeddable":true,"href":"https:\/\/www.sailcom.ch\/de\/wp-json\/wp\/v2\/media\/14124"}],"wp:attachment":[{"href":"https:\/\/www.sailcom.ch\/de\/wp-json\/wp\/v2\/media?parent=29365"}],"wp:term":[{"taxonomy":"product_brand","embeddable":true,"href":"https:\/\/www.sailcom.ch\/de\/wp-json\/wp\/v2\/product_brand?post=29365"},{"taxonomy":"product_cat","embeddable":true,"href":"https:\/\/www.sailcom.ch\/de\/wp-json\/wp\/v2\/product_cat?post=29365"},{"taxonomy":"product_tag","embeddable":true,"href":"https:\/\/www.sailcom.ch\/de\/wp-json\/wp\/v2\/product_tag?post=29365"},{"taxonomy":"sailcom-capability","embeddable":true,"href":"https:\/\/www.sailcom.ch\/de\/wp-json\/wp\/v2\/sailcom-capability?post=29365"},{"taxonomy":"sailcom-location","embeddable":true,"href":"https:\/\/www.sailcom.ch\/de\/wp-json\/wp\/v2\/sailcom-location?post=29365"},{"taxonomy":"sailcom-event-type","embeddable":true,"href":"https:\/\/www.sailcom.ch\/de\/wp-json\/wp\/v2\/sailcom-event-type?post=29365"},{"taxonomy":"sailcom-boat-type","embeddable":true,"href":"https:\/\/www.sailcom.ch\/de\/wp-json\/wp\/v2\/sailcom-boat-type?post=29365"}],"curies":[{"name":"wp","href":"https:\/\/api.w.org\/{rel}","templated":true}]}}