{"id":28858,"date":"2024-03-27T16:21:51","date_gmt":"2024-03-27T15:21:51","guid":{"rendered":"https:\/\/www.sailcom.ch\/product\/product\/"},"modified":"2024-04-03T21:26:13","modified_gmt":"2024-04-03T19:26:13","slug":"event_28858","status":"publish","type":"product","link":"https:\/\/www.sailcom.ch\/de\/produkt\/event_28858\/","title":{"rendered":"\u00dcberfahrt Neuenburg Cortaillod 5 oder 6.4"},"content":{"rendered":"","protected":false},"excerpt":{"rendered":"<p>Mithilfe am 10.4. und 11.4. bei Andi melden<br \/>\n\u00dcberfahrt nach Cortaillod 5.4. oder 6.4. bei Dejan melden<br \/>\n\u00dcberfahrt nach Neuenburg 13.4. oder 14.4. bei Dejan melden<\/p>\n<p>Andi hat das Auswassern organisiert:<br \/>\n\u00dcberfahrt nach Cortailliod vor dem 10.04, (am 5 oder 6.4.) B-Mtgl. 2-3 Personen<br \/>\nAuswassern am 10.04. um 08:00 Uhr &#8211; Daf\u00fcr wird Hilfe ben\u00f6tigt, 2 Personen zum abk\u00e4rchern?<br \/>\nAm 11.04. Unterwasser streichen 09-16 Uhr!?<br \/>\nAm 12.04. wieder einwassern.<\/p>\n<p>Konaktdaten von Andi:<br \/>\nsegeln@segelcenter.ch<br \/>\n076 589 51 31<br \/>\nDejan<br \/>\n079 660 12 03<br \/>\ninfo@sailclub.ch<\/p>\n","protected":false},"author":2787,"featured_media":4189,"template":"","meta":{"_acf_changed":false,"publish_to_discourse":"","publish_post_category":"","wpdc_auto_publish_overridden":"","wpdc_topic_tags":"","wpdc_pin_topic":"","wpdc_pin_until":"","discourse_post_id":"","discourse_permalink":"","wpdc_publishing_response":"","wpdc_publishing_error":""},"product_brand":[],"product_cat":[15],"product_tag":[],"sailcom-capability":[],"sailcom-location":[344],"sailcom-event-type":[380],"sailcom-boat-type":[],"class_list":{"0":"post-28858","1":"product","2":"type-product","3":"status-publish","4":"has-post-thumbnail","6":"product_cat-uncategorised","7":"sailcom-location-neuenburgersee","8":"sailcom-event-type-maintenance","10":"first","11":"instock","12":"taxable","13":"shipping-taxable","14":"product-type-sc_event"},"acf":[],"_links":{"self":[{"href":"https:\/\/www.sailcom.ch\/de\/wp-json\/wp\/v2\/product\/28858","targetHints":{"allow":["GET"]}}],"collection":[{"href":"https:\/\/www.sailcom.ch\/de\/wp-json\/wp\/v2\/product"}],"about":[{"href":"https:\/\/www.sailcom.ch\/de\/wp-json\/wp\/v2\/types\/product"}],"author":[{"embeddable":true,"href":"https:\/\/www.sailcom.ch\/de\/wp-json\/wp\/v2\/users\/2787"}],"wp:featuredmedia":[{"embeddable":true,"href":"https:\/\/www.sailcom.ch\/de\/wp-json\/wp\/v2\/media\/4189"}],"wp:attachment":[{"href":"https:\/\/www.sailcom.ch\/de\/wp-json\/wp\/v2\/media?parent=28858"}],"wp:term":[{"taxonomy":"product_brand","embeddable":true,"href":"https:\/\/www.sailcom.ch\/de\/wp-json\/wp\/v2\/product_brand?post=28858"},{"taxonomy":"product_cat","embeddable":true,"href":"https:\/\/www.sailcom.ch\/de\/wp-json\/wp\/v2\/product_cat?post=28858"},{"taxonomy":"product_tag","embeddable":true,"href":"https:\/\/www.sailcom.ch\/de\/wp-json\/wp\/v2\/product_tag?post=28858"},{"taxonomy":"sailcom-capability","embeddable":true,"href":"https:\/\/www.sailcom.ch\/de\/wp-json\/wp\/v2\/sailcom-capability?post=28858"},{"taxonomy":"sailcom-location","embeddable":true,"href":"https:\/\/www.sailcom.ch\/de\/wp-json\/wp\/v2\/sailcom-location?post=28858"},{"taxonomy":"sailcom-event-type","embeddable":true,"href":"https:\/\/www.sailcom.ch\/de\/wp-json\/wp\/v2\/sailcom-event-type?post=28858"},{"taxonomy":"sailcom-boat-type","embeddable":true,"href":"https:\/\/www.sailcom.ch\/de\/wp-json\/wp\/v2\/sailcom-boat-type?post=28858"}],"curies":[{"name":"wp","href":"https:\/\/api.w.org\/{rel}","templated":true}]}}