{"id":27833,"date":"2024-03-08T21:32:39","date_gmt":"2024-03-08T20:32:39","guid":{"rendered":"https:\/\/www.sailcom.ch\/product\/product\/"},"modified":"2024-04-08T16:03:11","modified_gmt":"2024-04-08T14:03:11","slug":"event_27833","status":"publish","type":"product","link":"https:\/\/www.sailcom.ch\/de\/produkt\/event_27833\/","title":{"rendered":"Dufour 310 Vollmondsegeln mit \u00dcbernachtung an Bord\/Voile de pleine lune et nuit \u00e0 bord"},"content":{"rendered":"","protected":false},"excerpt":{"rendered":"<p>Nach den Einweisungen dieses Tages legen wir am Abend in Ouchy ab. Je nach Meteo segeln wir bis in die Nacht hinein, geniessen den Zauber des Vollmondlichtes und kehren in den Heimathafen zur\u00fcck, wo wir die Nacht verbringen. W\u00e4hrend der Zeit an Bord lernst du das neue Boot kennen und kannst dich im Man\u00f6vrieren \u00fcben; somit dient dieser Event auch als Einweisung.<br \/>\nTreffpunkt: Dufour 310    Hafen Ouchy beim Kran<br \/>\nMitbringen: Dem Wetter angepasste Kleidung, Verpflegung\/Getr\u00e4nk f\u00fcr abends (Fr\u00fchst\u00fcck an Bord oder Im Hotel M\u00f6wenpick beim Hafen, je nach Wunsch), Leintuch und Schlafsack.<br \/>\nBedingung: A &#8211; Schein<br \/>\nKosten: Bei drei 3 Personen CHF 70.-\/Pers.<\/p>\n<p>Apr\u00e8s les initiation de ce jour on largue les amarres et selon du m\u00e9t\u00e9o, nous hissons les voiles. Nous nous rejouons  la magie de la lumi\u00e8re de la pleine lune. Retour dans notre port d&#039;Ouchy nous passons la nuit \u00e0 bord.<br \/>\nPendant cette sortie de nuit tu fais connaissance avec le nouveau bateau et tu peux entrainer des man\u0153uvres dans le port, c&#039;est en m\u00eame temps une initiation.<\/p>\n<p>Point de rencontre: Dufour 310   Port d&#039;Ouchy chez la grue<br \/>\nEmmener: V\u00eatements selon m\u00e9t\u00e9o, qc \u00e0 manger et boire (le petit &#8211; d\u00e9jeuner on peut prendre \u00e0 bord ou au h\u00f4tel M\u00f6wenpick, comme tu veux), un trap et un sac \u00e0 coucher.<br \/>\nCondition: Permis A<br \/>\nCo\u00fbt: a base de 3 personnes CHF 70.-\/pers.<\/p>\n","protected":false},"author":2755,"featured_media":23729,"template":"","meta":{"_acf_changed":false,"publish_to_discourse":"","publish_post_category":"","wpdc_auto_publish_overridden":"","wpdc_topic_tags":"","wpdc_pin_topic":"","wpdc_pin_until":"","discourse_post_id":"","discourse_permalink":"","wpdc_publishing_response":"","wpdc_publishing_error":""},"product_brand":[],"product_cat":[15],"product_tag":[],"sailcom-capability":[],"sailcom-location":[340],"sailcom-event-type":[364],"sailcom-boat-type":[],"class_list":{"0":"post-27833","1":"product","2":"type-product","3":"status-publish","4":"has-post-thumbnail","6":"product_cat-uncategorised","7":"sailcom-location-genfersee","8":"sailcom-event-type-sail-along","10":"first","11":"instock","12":"taxable","13":"shipping-taxable","14":"product-type-sc_event"},"acf":[],"_links":{"self":[{"href":"https:\/\/www.sailcom.ch\/de\/wp-json\/wp\/v2\/product\/27833","targetHints":{"allow":["GET"]}}],"collection":[{"href":"https:\/\/www.sailcom.ch\/de\/wp-json\/wp\/v2\/product"}],"about":[{"href":"https:\/\/www.sailcom.ch\/de\/wp-json\/wp\/v2\/types\/product"}],"author":[{"embeddable":true,"href":"https:\/\/www.sailcom.ch\/de\/wp-json\/wp\/v2\/users\/2755"}],"wp:featuredmedia":[{"embeddable":true,"href":"https:\/\/www.sailcom.ch\/de\/wp-json\/wp\/v2\/media\/23729"}],"wp:attachment":[{"href":"https:\/\/www.sailcom.ch\/de\/wp-json\/wp\/v2\/media?parent=27833"}],"wp:term":[{"taxonomy":"product_brand","embeddable":true,"href":"https:\/\/www.sailcom.ch\/de\/wp-json\/wp\/v2\/product_brand?post=27833"},{"taxonomy":"product_cat","embeddable":true,"href":"https:\/\/www.sailcom.ch\/de\/wp-json\/wp\/v2\/product_cat?post=27833"},{"taxonomy":"product_tag","embeddable":true,"href":"https:\/\/www.sailcom.ch\/de\/wp-json\/wp\/v2\/product_tag?post=27833"},{"taxonomy":"sailcom-capability","embeddable":true,"href":"https:\/\/www.sailcom.ch\/de\/wp-json\/wp\/v2\/sailcom-capability?post=27833"},{"taxonomy":"sailcom-location","embeddable":true,"href":"https:\/\/www.sailcom.ch\/de\/wp-json\/wp\/v2\/sailcom-location?post=27833"},{"taxonomy":"sailcom-event-type","embeddable":true,"href":"https:\/\/www.sailcom.ch\/de\/wp-json\/wp\/v2\/sailcom-event-type?post=27833"},{"taxonomy":"sailcom-boat-type","embeddable":true,"href":"https:\/\/www.sailcom.ch\/de\/wp-json\/wp\/v2\/sailcom-boat-type?post=27833"}],"curies":[{"name":"wp","href":"https:\/\/api.w.org\/{rel}","templated":true}]}}