{"id":27046,"date":"2024-03-03T16:24:19","date_gmt":"2024-03-03T15:24:19","guid":{"rendered":"https:\/\/www.sailcom.ch\/?post_type=product&#038;p=27046"},"modified":"2026-05-13T08:21:50","modified_gmt":"2026-05-13T06:21:50","slug":"sunbeam-221-thalwil","status":"publish","type":"product","link":"https:\/\/www.sailcom.ch\/de\/produkt\/sunbeam-221-thalwil\/","title":{"rendered":"Sunbeam 22.1 (Aurora) <br\/>Thalwil"},"content":{"rendered":"<h3><strong>Eine moderne und komfortable Daysailing-Segelyacht vom Typ Sunbeam 22.1.<\/strong><strong> im Hafen Farbsteig in Thalwil, nahe Z\u00fcrich:<\/strong><\/h3>\n<p>Die Sunbeam 22.1 ist ein modernes Kabinenboot f\u00fcr einfaches, sicheres und komfortables Segeln f\u00fcr Anf\u00e4nger, Familien und Geniesser.<\/p>\n<p>Sie zeichnet sich durch hohe Sicherheit und Stabilit\u00e4t aus bei gleichzeitig guten Segeleigenschaften.<\/p>\n<p>Man darf aber auch ansprechende Segeleigenschaften erwarten, immerhin war die Sunbeam 22.1 bis 2022 auch das Boot der \u00d6sterreichischen Segelbundesliga.<br \/>\nGarantierter Segelspass!<\/p>\n<p><strong>Weitere Ausstattung:<\/strong><\/p>\n<ul>\n<li>Elektromotor mit 1.6kW<\/li>\n<li>flacher Roll-Gennaker (Code 0) f\u00fcr 60\u00b0-150\u00b0 TWA<\/li>\n<li>Hauptanker mit 30m Leine und 5m Kettenvorlauf.<\/li>\n<\/ul>\n<p>&nbsp;<\/p>\n<p><strong>Dokumente:<\/strong><\/p>\n<ul>\n<li><a href=\"https:\/\/www.sailcom.ch\/wp-content\/uploads\/2024\/04\/Bootshandbuch_Sunbeam22.1-mit-Gennaker.pdf\" target=\"_blank\" rel=\"noopener\">Bootshandbuch Sunbeam 22.1<\/a><\/li>\n<li><a href=\"https:\/\/www.sailcom.ch\/wp-content\/uploads\/2024\/03\/250607-Standortinfo-Aurora-Thalwil.pdf\" target=\"_blank\" rel=\"noopener\">Standort- und Revierinfo Thalwil und Z\u00fcrichsee<\/a><\/li>\n<\/ul>\n<p>&nbsp;<\/p>\n<p><strong>Standort-Infos:<\/strong><\/p>\n<p>Bitte lies vor dem Ablegen die Standort- und Revierinfo mit wichtigen Informationen zum Standort, Boot und Revier!<br \/>\nDas untenstehende 90-sek\u00fcndige Video zeigt Dir wie das sichere Ablegen mit dem Boot im Hafen in Thalwil funktioniert:<\/p>\n<p><iframe title=\"YouTube video player\" src=\"https:\/\/www.youtube.com\/embed\/Sejr_nJBMFw?si=lrZS23J70ETwiTrp\" width=\"560\" height=\"315\" frameborder=\"0\" allowfullscreen=\"allowfullscreen\"><\/iframe><\/p>\n<p>Grosse und kleine Probleme bitte gleich an Rui, Anna oder Niclas (&gt; Kontakte) melden.<\/p>\n<p><strong>Mitsegeln und Community:<\/strong><\/p>\n<p>Verbinde Dich mit der SailCom Community oder mit Segelnden dieses Bootes um Crewmitglieder f\u00fcr Deinen T\u00f6rn oder eine Mitsegelgelegenheit zu finden:<\/p>\n<ul>\n<li><a href=\"https:\/\/chat.whatsapp.com\/LsiIJTfC9ij8KfszVUUIXU\">Link zur WhatsApp Gruppe der Sunbeam &#8220;Aurora&#8221; in Thalwil.<\/a><\/li>\n<li>Verbinde dich auch noch mit der <a href=\"https:\/\/chat.whatsapp.com\/BlEK5T98UWK3QRYqlLJOnB\" target=\"_blank\" rel=\"noopener\">SailCommunity auf Whatsapp<\/a> zum Mitsegeln, Seemann(-frau)garn spinnen, lernen &#8211; rund um das Segeln in der Schweiz:<\/li>\n<\/ul>\n<p><img fetchpriority=\"high\" decoding=\"async\" class=\"wp-image-59790 size-medium aligncenter\" style=\"padding-top: 25px;\" src=\"https:\/\/www.sailcom.ch\/wp-content\/uploads\/2026\/01\/20251203_QR-Code_Whatsapp_SailCommunity_640x795-242x300.png\" alt=\"\" width=\"242\" height=\"300\" \/><\/p>","protected":false},"excerpt":{"rendered":"<p>Eine moderne und komfortable Daysailing-Segelyacht vom Typ Sunbeam 22.1. im Hafen Farbsteig in Thalwil, nahe Z\u00fcrich: Die Sunbeam 22.1 ist ein modernes Kabinenboot f\u00fcr einfaches, sicheres und komfortables Segeln f\u00fcr Anf\u00e4nger, Familien und Geniesser. Sie zeichnet sich durch hohe Sicherheit und Stabilit\u00e4t aus bei gleichzeitig guten Segeleigenschaften. Man darf aber auch ansprechende Segeleigenschaften erwarten, immerhin [&hellip;]<\/p>\n","protected":false},"author":2,"featured_media":27969,"template":"","meta":{"_acf_changed":false,"publish_to_discourse":"0","publish_post_category":"1","wpdc_auto_publish_overridden":"","wpdc_topic_tags":"","wpdc_pin_topic":"","wpdc_pin_until":"","discourse_post_id":"","discourse_permalink":"","wpdc_publishing_response":"","wpdc_publishing_error":""},"product_brand":[],"product_cat":[123],"product_tag":[],"sailcom-capability":[],"sailcom-location":[348],"sailcom-event-type":[],"sailcom-boat-type":[366],"class_list":{"0":"post-27046","1":"product","2":"type-product","3":"status-publish","4":"has-post-thumbnail","6":"product_cat-day-easy","7":"sailcom-location-zurichsee","8":"sailcom-boat-type-day-easy","10":"first","11":"instock","12":"taxable","13":"shipping-taxable","14":"product-type-redq_rental"},"acf":[],"_links":{"self":[{"href":"https:\/\/www.sailcom.ch\/de\/wp-json\/wp\/v2\/product\/27046","targetHints":{"allow":["GET"]}}],"collection":[{"href":"https:\/\/www.sailcom.ch\/de\/wp-json\/wp\/v2\/product"}],"about":[{"href":"https:\/\/www.sailcom.ch\/de\/wp-json\/wp\/v2\/types\/product"}],"author":[{"embeddable":true,"href":"https:\/\/www.sailcom.ch\/de\/wp-json\/wp\/v2\/users\/2"}],"wp:featuredmedia":[{"embeddable":true,"href":"https:\/\/www.sailcom.ch\/de\/wp-json\/wp\/v2\/media\/27969"}],"wp:attachment":[{"href":"https:\/\/www.sailcom.ch\/de\/wp-json\/wp\/v2\/media?parent=27046"}],"wp:term":[{"taxonomy":"product_brand","embeddable":true,"href":"https:\/\/www.sailcom.ch\/de\/wp-json\/wp\/v2\/product_brand?post=27046"},{"taxonomy":"product_cat","embeddable":true,"href":"https:\/\/www.sailcom.ch\/de\/wp-json\/wp\/v2\/product_cat?post=27046"},{"taxonomy":"product_tag","embeddable":true,"href":"https:\/\/www.sailcom.ch\/de\/wp-json\/wp\/v2\/product_tag?post=27046"},{"taxonomy":"sailcom-capability","embeddable":true,"href":"https:\/\/www.sailcom.ch\/de\/wp-json\/wp\/v2\/sailcom-capability?post=27046"},{"taxonomy":"sailcom-location","embeddable":true,"href":"https:\/\/www.sailcom.ch\/de\/wp-json\/wp\/v2\/sailcom-location?post=27046"},{"taxonomy":"sailcom-event-type","embeddable":true,"href":"https:\/\/www.sailcom.ch\/de\/wp-json\/wp\/v2\/sailcom-event-type?post=27046"},{"taxonomy":"sailcom-boat-type","embeddable":true,"href":"https:\/\/www.sailcom.ch\/de\/wp-json\/wp\/v2\/sailcom-boat-type?post=27046"}],"curies":[{"name":"wp","href":"https:\/\/api.w.org\/{rel}","templated":true}]}}