{"id":25888,"date":"2024-02-15T21:41:35","date_gmt":"2024-02-15T20:41:35","guid":{"rendered":"https:\/\/www.sailcom.ch\/product\/product\/"},"modified":"2024-03-10T21:36:08","modified_gmt":"2024-03-10T20:36:08","slug":"event_25888","status":"publish","type":"product","link":"https:\/\/www.sailcom.ch\/de\/produkt\/event_25888\/","title":{"rendered":"J70 Gennakerkurs: sichere Handhabung des Gennakers"},"content":{"rendered":"","protected":false},"excerpt":{"rendered":"<p>Treffpunkt: F\u00f6hnhafen Brunnen bei der J70 SUI 1537<\/p>\n<p>Der Schwerpunkt der Veranstaltung liegt auf der Praxis. Alle Man\u00f6ver werden schrittweise instruiert, demonstriert und intensiv ge\u00fcbt. Die Teilnehmer nehmen reihum die verschiedenen Rollen ein, so dass jeder Setzen \/ Bergen, Schotf\u00fchrung, Steuern \u00fcben kann. Aufgrund der einmaligen Lage von Brunnen k\u00f6nnen wir st\u00e4rkeren Wind im Urnersee oder eher gn\u00e4digere Verh\u00e4ltnisse im Gersauer Becken aufsuchen. Die Zeit ist so gew\u00e4hlt, dass wir im Normalfall von der Thermik am Vierwaldst\u00e4ttersee profitieren k\u00f6nnen. <\/p>\n<p>Bei sehr starken oder sehr schwachen Winden kann der Kurs abgesagt werden. Der Entscheid ist im Ermessen des Kursleiters. Wenn immer m\u00f6glich wird 24 Stunden vor Kursbeginn entschiedne. Der Kurs findet ab mindestens zwei Teilnehmern statt. Bitte teilt dem Kursleiter Mailadresse und Mobilnummer mit, so dass er euch \u00fcber solche Entscheide informieren kann.<\/p>\n<p>Auf Wunsch kann auch eine Einf\u00fchrung in die J70 stattfinden. Bei erfolgreicher Teilnahme werden die Teilnehmer auf der J70 freigeschaltet.<\/p>\n","protected":false},"author":2743,"featured_media":4233,"template":"","meta":{"_acf_changed":false,"publish_to_discourse":"","publish_post_category":"","wpdc_auto_publish_overridden":"","wpdc_topic_tags":"","wpdc_pin_topic":"","wpdc_pin_until":"","discourse_post_id":"","discourse_permalink":"","wpdc_publishing_response":"","wpdc_publishing_error":""},"product_brand":[],"product_cat":[15],"product_tag":[],"sailcom-capability":[],"sailcom-location":[345],"sailcom-event-type":[378,379],"sailcom-boat-type":[],"class_list":{"0":"post-25888","1":"product","2":"type-product","3":"status-publish","4":"has-post-thumbnail","6":"product_cat-uncategorised","7":"sailcom-location-vierwaldstattersee-location","8":"sailcom-event-type-genisegeln","9":"sailcom-event-type-spisegeln","11":"first","12":"outofstock","13":"taxable","14":"shipping-taxable","15":"product-type-sc_event"},"acf":[],"_links":{"self":[{"href":"https:\/\/www.sailcom.ch\/de\/wp-json\/wp\/v2\/product\/25888","targetHints":{"allow":["GET"]}}],"collection":[{"href":"https:\/\/www.sailcom.ch\/de\/wp-json\/wp\/v2\/product"}],"about":[{"href":"https:\/\/www.sailcom.ch\/de\/wp-json\/wp\/v2\/types\/product"}],"author":[{"embeddable":true,"href":"https:\/\/www.sailcom.ch\/de\/wp-json\/wp\/v2\/users\/2743"}],"wp:featuredmedia":[{"embeddable":true,"href":"https:\/\/www.sailcom.ch\/de\/wp-json\/wp\/v2\/media\/4233"}],"wp:attachment":[{"href":"https:\/\/www.sailcom.ch\/de\/wp-json\/wp\/v2\/media?parent=25888"}],"wp:term":[{"taxonomy":"product_brand","embeddable":true,"href":"https:\/\/www.sailcom.ch\/de\/wp-json\/wp\/v2\/product_brand?post=25888"},{"taxonomy":"product_cat","embeddable":true,"href":"https:\/\/www.sailcom.ch\/de\/wp-json\/wp\/v2\/product_cat?post=25888"},{"taxonomy":"product_tag","embeddable":true,"href":"https:\/\/www.sailcom.ch\/de\/wp-json\/wp\/v2\/product_tag?post=25888"},{"taxonomy":"sailcom-capability","embeddable":true,"href":"https:\/\/www.sailcom.ch\/de\/wp-json\/wp\/v2\/sailcom-capability?post=25888"},{"taxonomy":"sailcom-location","embeddable":true,"href":"https:\/\/www.sailcom.ch\/de\/wp-json\/wp\/v2\/sailcom-location?post=25888"},{"taxonomy":"sailcom-event-type","embeddable":true,"href":"https:\/\/www.sailcom.ch\/de\/wp-json\/wp\/v2\/sailcom-event-type?post=25888"},{"taxonomy":"sailcom-boat-type","embeddable":true,"href":"https:\/\/www.sailcom.ch\/de\/wp-json\/wp\/v2\/sailcom-boat-type?post=25888"}],"curies":[{"name":"wp","href":"https:\/\/api.w.org\/{rel}","templated":true}]}}