{"id":24555,"date":"2024-01-27T16:01:44","date_gmt":"2024-01-27T15:01:44","guid":{"rendered":"https:\/\/www.sailcom.ch\/product\/product\/"},"modified":"2024-02-18T19:57:33","modified_gmt":"2024-02-18T18:57:33","slug":"event_24555","status":"publish","type":"product","link":"https:\/\/www.sailcom.ch\/de\/produkt\/event_24555\/","title":{"rendered":"Boot umladen Fr. 2.2.24 14-17"},"content":{"rendered":"","protected":false},"excerpt":{"rendered":"<p>Boot umladen und transportfertig machen. Material f\u00fcr Arbeitstag richten.<br \/>\nHerrenwis (4 km n\u00f6rdlich von B\u00fclach, \u00d6V reisende bitte bei mir melden)<\/p>\n","protected":false},"author":2753,"featured_media":1533,"template":"","meta":{"_acf_changed":false,"publish_to_discourse":"","publish_post_category":"","wpdc_auto_publish_overridden":"","wpdc_topic_tags":"","wpdc_pin_topic":"","wpdc_pin_until":"","discourse_post_id":"","discourse_permalink":"","wpdc_publishing_response":"","wpdc_publishing_error":""},"product_brand":[],"product_cat":[214,15],"product_tag":[],"sailcom-capability":[],"sailcom-location":[341,348],"sailcom-event-type":[380],"sailcom-boat-type":[],"class_list":{"0":"post-24555","1":"product","2":"type-product","3":"status-publish","4":"has-post-thumbnail","6":"product_cat-maintenance","7":"product_cat-uncategorised","8":"sailcom-location-greifensee","9":"sailcom-location-zurichsee","10":"sailcom-event-type-maintenance","12":"first","13":"instock","14":"taxable","15":"shipping-taxable","16":"product-type-sc_event"},"acf":[],"_links":{"self":[{"href":"https:\/\/www.sailcom.ch\/de\/wp-json\/wp\/v2\/product\/24555","targetHints":{"allow":["GET"]}}],"collection":[{"href":"https:\/\/www.sailcom.ch\/de\/wp-json\/wp\/v2\/product"}],"about":[{"href":"https:\/\/www.sailcom.ch\/de\/wp-json\/wp\/v2\/types\/product"}],"author":[{"embeddable":true,"href":"https:\/\/www.sailcom.ch\/de\/wp-json\/wp\/v2\/users\/2753"}],"wp:featuredmedia":[{"embeddable":true,"href":"https:\/\/www.sailcom.ch\/de\/wp-json\/wp\/v2\/media\/1533"}],"wp:attachment":[{"href":"https:\/\/www.sailcom.ch\/de\/wp-json\/wp\/v2\/media?parent=24555"}],"wp:term":[{"taxonomy":"product_brand","embeddable":true,"href":"https:\/\/www.sailcom.ch\/de\/wp-json\/wp\/v2\/product_brand?post=24555"},{"taxonomy":"product_cat","embeddable":true,"href":"https:\/\/www.sailcom.ch\/de\/wp-json\/wp\/v2\/product_cat?post=24555"},{"taxonomy":"product_tag","embeddable":true,"href":"https:\/\/www.sailcom.ch\/de\/wp-json\/wp\/v2\/product_tag?post=24555"},{"taxonomy":"sailcom-capability","embeddable":true,"href":"https:\/\/www.sailcom.ch\/de\/wp-json\/wp\/v2\/sailcom-capability?post=24555"},{"taxonomy":"sailcom-location","embeddable":true,"href":"https:\/\/www.sailcom.ch\/de\/wp-json\/wp\/v2\/sailcom-location?post=24555"},{"taxonomy":"sailcom-event-type","embeddable":true,"href":"https:\/\/www.sailcom.ch\/de\/wp-json\/wp\/v2\/sailcom-event-type?post=24555"},{"taxonomy":"sailcom-boat-type","embeddable":true,"href":"https:\/\/www.sailcom.ch\/de\/wp-json\/wp\/v2\/sailcom-boat-type?post=24555"}],"curies":[{"name":"wp","href":"https:\/\/api.w.org\/{rel}","templated":true}]}}