{"id":24442,"date":"2024-01-22T18:22:26","date_gmt":"2024-01-22T17:22:26","guid":{"rendered":"https:\/\/www.sailcom.ch\/product\/product\/"},"modified":"2024-04-04T13:31:23","modified_gmt":"2024-04-04T11:31:23","slug":"event_24442","status":"publish","type":"product","link":"https:\/\/www.sailcom.ch\/de\/produkt\/event_24442\/","title":{"rendered":"Yngling: Einweisung durch erfahrenen Regattasegler"},"content":{"rendered":"","protected":false},"excerpt":{"rendered":"<p>Einweisung findet durch einen erfahrenen Regattasegler statt. Er vermittelt neben dem Basiswissen der Einweisung auf Wunsch auch zus\u00e4tzliche Informationen \u00fcber Trimm und Man\u00f6ver. W\u00e4hrend diesen 2 Stunden habt ihr Zeit alle Eure brennenden Fragen zum Segeln, zum Yngling oder zur Sailcom (Race Group) zu stellen.<br \/>\n&#8211; Treffpunkt ist der mittlerste Steg des Hafens Enge.<br \/>\n&#8211; Einweisung soll mit min. 2 Personen stattfinden (49 CHF) p. Pers.). Zwei Personen haben bereits gebucht.<br \/>\n&#8211; Bitte bei Anmeldung Mob-Tel-Num angeben, damit kurzfristige Erreichbarkeit.<br \/>\n&#8211; Meldefrist: 24 h vor Beginn des Anlasses<\/p>\n","protected":false},"author":2888,"featured_media":1589,"template":"","meta":{"_acf_changed":false,"publish_to_discourse":"","publish_post_category":"","wpdc_auto_publish_overridden":"","wpdc_topic_tags":"","wpdc_pin_topic":"","wpdc_pin_until":"","discourse_post_id":"","discourse_permalink":"","wpdc_publishing_response":"","wpdc_publishing_error":""},"product_brand":[],"product_cat":[15],"product_tag":[],"sailcom-capability":[],"sailcom-location":[348],"sailcom-event-type":[373,377,379],"sailcom-boat-type":[],"class_list":{"0":"post-24442","1":"product","2":"type-product","3":"status-publish","4":"has-post-thumbnail","6":"product_cat-uncategorised","7":"sailcom-location-zurichsee","8":"sailcom-event-type-einweisungen","9":"sailcom-event-type-regatta-training","10":"sailcom-event-type-spisegeln","12":"first","13":"outofstock","14":"taxable","15":"shipping-taxable","16":"product-type-sc_event"},"acf":[],"_links":{"self":[{"href":"https:\/\/www.sailcom.ch\/de\/wp-json\/wp\/v2\/product\/24442","targetHints":{"allow":["GET"]}}],"collection":[{"href":"https:\/\/www.sailcom.ch\/de\/wp-json\/wp\/v2\/product"}],"about":[{"href":"https:\/\/www.sailcom.ch\/de\/wp-json\/wp\/v2\/types\/product"}],"author":[{"embeddable":true,"href":"https:\/\/www.sailcom.ch\/de\/wp-json\/wp\/v2\/users\/2888"}],"wp:featuredmedia":[{"embeddable":true,"href":"https:\/\/www.sailcom.ch\/de\/wp-json\/wp\/v2\/media\/1589"}],"wp:attachment":[{"href":"https:\/\/www.sailcom.ch\/de\/wp-json\/wp\/v2\/media?parent=24442"}],"wp:term":[{"taxonomy":"product_brand","embeddable":true,"href":"https:\/\/www.sailcom.ch\/de\/wp-json\/wp\/v2\/product_brand?post=24442"},{"taxonomy":"product_cat","embeddable":true,"href":"https:\/\/www.sailcom.ch\/de\/wp-json\/wp\/v2\/product_cat?post=24442"},{"taxonomy":"product_tag","embeddable":true,"href":"https:\/\/www.sailcom.ch\/de\/wp-json\/wp\/v2\/product_tag?post=24442"},{"taxonomy":"sailcom-capability","embeddable":true,"href":"https:\/\/www.sailcom.ch\/de\/wp-json\/wp\/v2\/sailcom-capability?post=24442"},{"taxonomy":"sailcom-location","embeddable":true,"href":"https:\/\/www.sailcom.ch\/de\/wp-json\/wp\/v2\/sailcom-location?post=24442"},{"taxonomy":"sailcom-event-type","embeddable":true,"href":"https:\/\/www.sailcom.ch\/de\/wp-json\/wp\/v2\/sailcom-event-type?post=24442"},{"taxonomy":"sailcom-boat-type","embeddable":true,"href":"https:\/\/www.sailcom.ch\/de\/wp-json\/wp\/v2\/sailcom-boat-type?post=24442"}],"curies":[{"name":"wp","href":"https:\/\/api.w.org\/{rel}","templated":true}]}}