{"id":17108,"date":"2023-10-07T18:57:02","date_gmt":"2023-10-07T16:57:02","guid":{"rendered":"https:\/\/www.sailcom.ch\/product\/product\/"},"modified":"2023-12-30T22:53:50","modified_gmt":"2023-12-30T21:53:50","slug":"event_17108","status":"publish","type":"product","link":"https:\/\/www.sailcom.ch\/de\/produkt\/event_17108\/","title":{"rendered":"Et\u00e9 Indien sur le Lac L\u00e9man"},"content":{"rendered":"","protected":false},"excerpt":{"rendered":"<p>Pour des gens tr\u00e8s spontan\u00e9s:<br \/>\nOn profite encore une fois du temps excellent. Tu peux choisir le lundi avec d\u00e9part \u00e0 12.00 h et\/ou le mardi avec d\u00e9part \u00e0 10.00 h. Mais on peux aussi passer la nuit bord du Platupus.<br \/>\nTu es int\u00e9ress\u00e9? Alors m&#039;appelle pour des infos\/details (079 643 26 11).<br \/>\nPoint de rencontre: Restaurant La Nautica, port d&#039;Ouchy<\/p>\n","protected":false},"author":2755,"featured_media":10401,"template":"","meta":{"_acf_changed":false,"publish_to_discourse":"","publish_post_category":"","wpdc_auto_publish_overridden":"","wpdc_topic_tags":"","wpdc_pin_topic":"","wpdc_pin_until":"","discourse_post_id":"","discourse_permalink":"","wpdc_publishing_response":"","wpdc_publishing_error":""},"product_brand":[],"product_cat":[213],"product_tag":[],"sailcom-capability":[],"sailcom-location":[340],"sailcom-event-type":[364],"sailcom-boat-type":[],"class_list":{"0":"post-17108","1":"product","2":"type-product","3":"status-publish","4":"has-post-thumbnail","6":"product_cat-sail-along","7":"sailcom-location-genfersee","8":"sailcom-event-type-sail-along","10":"first","11":"instock","12":"taxable","13":"shipping-taxable","14":"product-type-sc_event"},"acf":[],"_links":{"self":[{"href":"https:\/\/www.sailcom.ch\/de\/wp-json\/wp\/v2\/product\/17108","targetHints":{"allow":["GET"]}}],"collection":[{"href":"https:\/\/www.sailcom.ch\/de\/wp-json\/wp\/v2\/product"}],"about":[{"href":"https:\/\/www.sailcom.ch\/de\/wp-json\/wp\/v2\/types\/product"}],"author":[{"embeddable":true,"href":"https:\/\/www.sailcom.ch\/de\/wp-json\/wp\/v2\/users\/2755"}],"wp:featuredmedia":[{"embeddable":true,"href":"https:\/\/www.sailcom.ch\/de\/wp-json\/wp\/v2\/media\/10401"}],"wp:attachment":[{"href":"https:\/\/www.sailcom.ch\/de\/wp-json\/wp\/v2\/media?parent=17108"}],"wp:term":[{"taxonomy":"product_brand","embeddable":true,"href":"https:\/\/www.sailcom.ch\/de\/wp-json\/wp\/v2\/product_brand?post=17108"},{"taxonomy":"product_cat","embeddable":true,"href":"https:\/\/www.sailcom.ch\/de\/wp-json\/wp\/v2\/product_cat?post=17108"},{"taxonomy":"product_tag","embeddable":true,"href":"https:\/\/www.sailcom.ch\/de\/wp-json\/wp\/v2\/product_tag?post=17108"},{"taxonomy":"sailcom-capability","embeddable":true,"href":"https:\/\/www.sailcom.ch\/de\/wp-json\/wp\/v2\/sailcom-capability?post=17108"},{"taxonomy":"sailcom-location","embeddable":true,"href":"https:\/\/www.sailcom.ch\/de\/wp-json\/wp\/v2\/sailcom-location?post=17108"},{"taxonomy":"sailcom-event-type","embeddable":true,"href":"https:\/\/www.sailcom.ch\/de\/wp-json\/wp\/v2\/sailcom-event-type?post=17108"},{"taxonomy":"sailcom-boat-type","embeddable":true,"href":"https:\/\/www.sailcom.ch\/de\/wp-json\/wp\/v2\/sailcom-boat-type?post=17108"}],"curies":[{"name":"wp","href":"https:\/\/api.w.org\/{rel}","templated":true}]}}