{"id":1707,"date":"2025-03-08T16:00:26","date_gmt":"2025-03-08T15:00:26","guid":{"rendered":"https:\/\/www.sailcom.ch\/?post_type=product&#038;p=1707"},"modified":"2026-05-13T08:27:05","modified_gmt":"2026-05-13T06:27:05","slug":"viko-s30","status":"publish","type":"product","link":"https:\/\/www.sailcom.ch\/de\/produkt\/viko-s30\/","title":{"rendered":"Viko S30 (Nanuk)<br\/> Neuch\u00e2tel"},"content":{"rendered":"<p data-start=\"0\" data-end=\"225\"><strong>Segeln mit der neuen Viko S30 &#8220;Nanuk&#8221; ab Neuenburg \u2013 f\u00fcr unvergessliche Segelt\u00f6rns auf dem Neuenburgersee!<\/strong><br \/>\nDiese moderne Segelyacht bietet dir und bis zu insgesamt 6 Personen Raum f\u00fcr komfortable Segelt\u00f6rns und beeindruckende Segeleigenschaften.<\/p>\n<p data-start=\"227\" data-end=\"255\"><strong data-start=\"227\" data-end=\"255\">Highlights der Viko S30:<\/strong><\/p>\n<ul data-start=\"256\" data-end=\"543\">\n<li data-start=\"256\" data-end=\"337\"><strong data-start=\"258\" data-end=\"281\">Ger\u00e4umiges Cockpit, komfortabel unter Deck:<\/strong> Ideal f\u00fcr entspannte Stunden mit Freunden oder Familie, aber auch geeignet zum Training, bevor es z.B. aufs Meer geht.<\/li>\n<li data-start=\"338\" data-end=\"453\"><strong data-start=\"340\" data-end=\"364\">Moderne Ausstattung:<\/strong> Mit Radsteuerung, SailDrive-Antrieb und Rollgenua f\u00fcr ein authentisches Hochsee-Feeling.<\/li>\n<li data-start=\"454\" data-end=\"543\"><strong data-start=\"456\" data-end=\"487\">Gennaker mit Bergeschlauch:<\/strong> F\u00fcr sportliche Segelabenteuer und optimale Performance.<\/li>\n<\/ul>\n<p data-start=\"545\" data-end=\"746\">Die Nanuk bietet mit ihrem grossen Cockpit viel Platz f\u00fcr Segelspass an Deck, unter Deck den Komfort eines modernen Fahrtenseglers und ist mit den ins Cockpit gef\u00fchrten Leinen gebaut f\u00fcr sichere Segelt\u00f6rns, auch mit kleiner Crew!<\/p>\n<p data-start=\"545\" data-end=\"746\">Der Neuenburgersee begeistert mit hervorragenden Windverh\u00e4ltnissen, seiner intakten Natur, vielen Ankerbuchten und romantischen St\u00e4dten und D\u00f6rfern.<\/p>\n<p>Erlebe die Vielfalt dieses Reviers und setze die Segel mit unserer Viko S30 f\u00fcr dein n\u00e4chstes Abenteuer!<\/p>\n<p data-start=\"545\" data-end=\"746\">Hier noch ein Testvideo einer Viko S30 von der deutschen Zeitung &#8220;Yacht&#8221;:<\/p>\n<p><iframe title=\"YouTube video player\" src=\"https:\/\/www.youtube.com\/embed\/oJv0FKOdDI4?si=x3wHfgRq5UOKgqeT\" width=\"560\" height=\"315\" frameborder=\"0\" allowfullscreen=\"allowfullscreen\"><\/iframe><\/p>\n<p><strong>Reserviere am besten jetzt deinen T\u00f6rn mit diesem tollen und beliebten Boot auf dem gr\u00f6ssten See, der ganz innerhalb der Schweiz liegt!<\/strong><\/p>\n<ul>\n<li>Download: <a href=\"https:\/\/www.sailcom.ch\/wp-content\/uploads\/2025\/05\/Manuel_Viko_F-2.pdf\" target=\"_blank\" rel=\"noopener\">Manuel Viko S30 2025 Neuch\u00e2tel FR<\/a><\/li>\n<li>Download:\u00a0<a href=\"https:\/\/www.sailcom.ch\/wp-content\/uploads\/2025\/05\/Handbuch_Viko_D-2.pdf\" target=\"_blank\" rel=\"noopener\">Viko Handbuch 2025 Neuenburg DE<\/a><\/li>\n<li>Download: <a href=\"https:\/\/www.sailcom.ch\/wp-content\/uploads\/2025\/05\/HafenFuhrer.pdf\" target=\"_blank\" rel=\"noopener\">Hafenf\u00fchrer Neuenburgersee DE<\/a><\/li>\n<li>Download: <a href=\"https:\/\/www.sailcom.ch\/wp-content\/uploads\/2025\/05\/HafenFuhrer_F.pdf\" target=\"_blank\" rel=\"noopener\">Guide des ports du Lac de Neuch\u00e2tel<\/a><\/li>\n<\/ul>\n<p><strong>Mitsegeln auf der Viko S30 &#8220;Nanuk&#8221; ab Neuenburg?<\/strong><\/p>\n<p>Verbinde Dich mit der <a href=\"https:\/\/chat.whatsapp.com\/BlEK5T98UWK3QRYqlLJOnB\" target=\"_blank\" rel=\"noopener\">SailCommunity auf Whatsapp<\/a> um Crewmitglieder f\u00fcr Deinen T\u00f6rn oder eine Mitsegelgelegenheit zu finden:<\/p>\n<p><img fetchpriority=\"high\" decoding=\"async\" class=\"wp-image-59790 size-medium aligncenter\" style=\"padding-top: 25px;\" src=\"https:\/\/www.sailcom.ch\/wp-content\/uploads\/2026\/01\/20251203_QR-Code_Whatsapp_SailCommunity_640x795-242x300.png\" alt=\"\" width=\"242\" height=\"300\" \/><\/p>","protected":false},"excerpt":{"rendered":"<p><strong>5-Tage-Tarif: Fr. 1280.- (20% auf den ausgeschriebenen Tagestarif unter der Woche)<\/strong><\/p>\n<p><strong>7 Tage-Tarif: Fr. 1790.- (20% auf den ausgeschriebenen Tagestarif unter der Woche)<\/strong><\/p>\n<p>Zus\u00e4tzliche Tage werden im Tagestarif berechnet.<\/p>\n","protected":false},"author":2,"featured_media":53527,"template":"","meta":{"_acf_changed":false,"publish_to_discourse":"0","publish_post_category":"1","wpdc_auto_publish_overridden":"","wpdc_topic_tags":"","wpdc_pin_topic":"","wpdc_pin_until":"","discourse_post_id":"","discourse_permalink":"","wpdc_publishing_response":"","wpdc_publishing_error":""},"product_brand":[],"product_cat":[125],"product_tag":[],"sailcom-capability":[],"sailcom-location":[344],"sailcom-event-type":[],"sailcom-boat-type":[368],"class_list":{"0":"post-1707","1":"product","2":"type-product","3":"status-publish","4":"has-post-thumbnail","6":"product_cat-cruiser-a","7":"sailcom-location-neuenburgersee","8":"sailcom-boat-type-cruiser-a","10":"first","11":"instock","12":"taxable","13":"shipping-taxable","14":"product-type-redq_rental"},"acf":[],"_links":{"self":[{"href":"https:\/\/www.sailcom.ch\/de\/wp-json\/wp\/v2\/product\/1707","targetHints":{"allow":["GET"]}}],"collection":[{"href":"https:\/\/www.sailcom.ch\/de\/wp-json\/wp\/v2\/product"}],"about":[{"href":"https:\/\/www.sailcom.ch\/de\/wp-json\/wp\/v2\/types\/product"}],"author":[{"embeddable":true,"href":"https:\/\/www.sailcom.ch\/de\/wp-json\/wp\/v2\/users\/2"}],"wp:featuredmedia":[{"embeddable":true,"href":"https:\/\/www.sailcom.ch\/de\/wp-json\/wp\/v2\/media\/53527"}],"wp:attachment":[{"href":"https:\/\/www.sailcom.ch\/de\/wp-json\/wp\/v2\/media?parent=1707"}],"wp:term":[{"taxonomy":"product_brand","embeddable":true,"href":"https:\/\/www.sailcom.ch\/de\/wp-json\/wp\/v2\/product_brand?post=1707"},{"taxonomy":"product_cat","embeddable":true,"href":"https:\/\/www.sailcom.ch\/de\/wp-json\/wp\/v2\/product_cat?post=1707"},{"taxonomy":"product_tag","embeddable":true,"href":"https:\/\/www.sailcom.ch\/de\/wp-json\/wp\/v2\/product_tag?post=1707"},{"taxonomy":"sailcom-capability","embeddable":true,"href":"https:\/\/www.sailcom.ch\/de\/wp-json\/wp\/v2\/sailcom-capability?post=1707"},{"taxonomy":"sailcom-location","embeddable":true,"href":"https:\/\/www.sailcom.ch\/de\/wp-json\/wp\/v2\/sailcom-location?post=1707"},{"taxonomy":"sailcom-event-type","embeddable":true,"href":"https:\/\/www.sailcom.ch\/de\/wp-json\/wp\/v2\/sailcom-event-type?post=1707"},{"taxonomy":"sailcom-boat-type","embeddable":true,"href":"https:\/\/www.sailcom.ch\/de\/wp-json\/wp\/v2\/sailcom-boat-type?post=1707"}],"curies":[{"name":"wp","href":"https:\/\/api.w.org\/{rel}","templated":true}]}}