{"id":16997,"date":"2023-10-05T10:41:23","date_gmt":"2023-10-05T08:41:23","guid":{"rendered":"https:\/\/www.sailcom.ch\/product\/product\/"},"modified":"2023-12-30T22:57:03","modified_gmt":"2023-12-30T21:57:03","slug":"event_16997","status":"publish","type":"product","link":"https:\/\/www.sailcom.ch\/de\/produkt\/event_16997\/","title":{"rendered":"Training: Anlegeman\u00f6ver Teil 2 \u2013 Mooring Manoeuvres part 2"},"content":{"rendered":"","protected":false},"excerpt":{"rendered":"<p>*** F\u00fcr Deutsch bitte weiter unten lesen ***<\/p>\n<p>*** ENGLISH ***<br \/>\nSafe mooring manoeuvres part 2 (can be recognised as instruction)<\/p>\n<p>The second part is about manoeuvring in the harbour Enge: forward, backward, plate turn, stopping. Anchoring in front of the Mythenquai bathing area. Mooring forward at a jetty or box. Anchoring backwards at the jetty with anchor (Roman Catholic). We will practise this in detail and each of you &#8211; also single-handed. So that you feel safe.<\/p>\n<p>Part 1 was about:<br \/>\nMooring techniques at Mythenquai jetty and buoys.<\/p>\n<p>!!! This course takes place in all weather conditions.<br \/>\n!!! We meet at the yacht.<\/p>\n<p>*** DEUTSCH ***<br \/>\nSichere Anlegeman\u00f6ver Teil 2\u00a0(kann als Einweisung anerkannt werden)<\/p>\n<p>Im zweiten Teil geht es um Man\u00f6vrieren im Hafen Enge: Vorw\u00e4rts, R\u00fcckw\u00e4rts, Tellerwende, Stoppen. Ankern vor der Badi Mythenquai. Anlegen vorw\u00e4rts an Steg oder Box. Anlegen R\u00fcckw\u00e4rts an Steg mit Anker (R\u00f6misch-Katholisch).\u00a0Das \u00fcben wir im Detail und jede\/jeder\u00a0von euch &#8211; auch Einhand. Damit ihr euch sicher f\u00fchlt.<\/p>\n<p>In Teil 1 ging\u00a0es darum:<br \/>\nAn- und Ablegen am Steg Mythenquai und an Bojen.<\/p>\n<p>!!! Dieser Kurs findet bei jedem Wetter statt.<br \/>\n!!! Wir treffen uns bei der Yacht.<\/p>\n","protected":false},"author":7,"featured_media":1585,"template":"","meta":{"_acf_changed":false,"publish_to_discourse":"","publish_post_category":"","wpdc_auto_publish_overridden":"","wpdc_topic_tags":"","wpdc_pin_topic":"","wpdc_pin_until":"","discourse_post_id":"","discourse_permalink":"","wpdc_publishing_response":"","wpdc_publishing_error":""},"product_brand":[],"product_cat":[225,217,236],"product_tag":[],"sailcom-capability":[],"sailcom-location":[348],"sailcom-event-type":[373,375,374],"sailcom-boat-type":[],"class_list":{"0":"post-16997","1":"product","2":"type-product","3":"status-publish","4":"has-post-thumbnail","6":"product_cat-einweisungen","7":"product_cat-hafen","8":"product_cat-skippertraining","9":"sailcom-location-zurichsee","10":"sailcom-event-type-einweisungen","11":"sailcom-event-type-hafen","12":"sailcom-event-type-skippertraining","14":"first","15":"instock","16":"taxable","17":"shipping-taxable","18":"product-type-sc_event"},"acf":[],"_links":{"self":[{"href":"https:\/\/www.sailcom.ch\/de\/wp-json\/wp\/v2\/product\/16997","targetHints":{"allow":["GET"]}}],"collection":[{"href":"https:\/\/www.sailcom.ch\/de\/wp-json\/wp\/v2\/product"}],"about":[{"href":"https:\/\/www.sailcom.ch\/de\/wp-json\/wp\/v2\/types\/product"}],"author":[{"embeddable":true,"href":"https:\/\/www.sailcom.ch\/de\/wp-json\/wp\/v2\/users\/7"}],"wp:featuredmedia":[{"embeddable":true,"href":"https:\/\/www.sailcom.ch\/de\/wp-json\/wp\/v2\/media\/1585"}],"wp:attachment":[{"href":"https:\/\/www.sailcom.ch\/de\/wp-json\/wp\/v2\/media?parent=16997"}],"wp:term":[{"taxonomy":"product_brand","embeddable":true,"href":"https:\/\/www.sailcom.ch\/de\/wp-json\/wp\/v2\/product_brand?post=16997"},{"taxonomy":"product_cat","embeddable":true,"href":"https:\/\/www.sailcom.ch\/de\/wp-json\/wp\/v2\/product_cat?post=16997"},{"taxonomy":"product_tag","embeddable":true,"href":"https:\/\/www.sailcom.ch\/de\/wp-json\/wp\/v2\/product_tag?post=16997"},{"taxonomy":"sailcom-capability","embeddable":true,"href":"https:\/\/www.sailcom.ch\/de\/wp-json\/wp\/v2\/sailcom-capability?post=16997"},{"taxonomy":"sailcom-location","embeddable":true,"href":"https:\/\/www.sailcom.ch\/de\/wp-json\/wp\/v2\/sailcom-location?post=16997"},{"taxonomy":"sailcom-event-type","embeddable":true,"href":"https:\/\/www.sailcom.ch\/de\/wp-json\/wp\/v2\/sailcom-event-type?post=16997"},{"taxonomy":"sailcom-boat-type","embeddable":true,"href":"https:\/\/www.sailcom.ch\/de\/wp-json\/wp\/v2\/sailcom-boat-type?post=16997"}],"curies":[{"name":"wp","href":"https:\/\/api.w.org\/{rel}","templated":true}]}}