{"id":1563,"date":"2023-09-12T12:00:17","date_gmt":"2023-09-12T10:00:17","guid":{"rendered":"https:\/\/www.sailcom.ch\/?post_type=product&#038;p=1563"},"modified":"2026-01-21T15:17:10","modified_gmt":"2026-01-21T14:17:10","slug":"ruedis-sif","status":"publish","type":"product","link":"https:\/\/www.sailcom.ch\/de\/produkt\/ruedis-sif\/","title":{"rendered":"Sunbeam 27 (Ruedi&#8217;s Sif)"},"content":{"rendered":"<p><strong>Ruedi&#8217;s Sif ist eine sch\u00f6ne, ger\u00e4umige 27 Fuss Yacht aus dem Hause Sunbeam, 2023 teilweise \u00fcberholt.<br \/>\n<\/strong><br \/>\nDas Boot eignet sich perfekt f\u00fcr Familien mit Kindern sowie f\u00fcr Genuss-Segler, die den sch\u00f6nen Z\u00fcrich-Obersee erkunden m\u00f6chten.<\/p>\n<p>Das Cockpit ist gut gegen Wind und Wetter gesch\u00fctzt.<br \/>\nDas Boot ist gutm\u00fctig und h\u00e4lt zuverl\u00e4ssig den Kurs.<br \/>\nDer Innenraum ist gem\u00fctlich und die gut gestaltete und vollst\u00e4ndig ausger\u00fcstete Pantry erm\u00f6glicht angenehmes Kochen.<\/p>\n<p><strong>Segeln mit Ruedi&#8217;s Sif ist mit D-Schein m\u00f6glich!<\/strong><br \/>\nEchtes Yachtfeeling, auch ohne den sonst vielfach geforderten Motorbootschein.<\/p>\n<p><strong>Der Standort<\/strong> ist sehr attraktiv: Aus dem Zug direkt auf das Boot.<br \/>\nIn Schmerikon, direkt am SBB-Bahnhof an der Mole, Platz Nr. 49<\/p>\n<p><a href=\"https:\/\/www.sailcom.ch\/wp-content\/uploads\/2025\/01\/Betriebshandbuch-Ruedis-SIF-V3.02.pdf\">Handbuch Ruedi&#8217;s Sif<\/a><\/p>\n<p><strong>Mitsegeln und Community:<\/strong><\/p>\n<p>Verbinde Dich mit der <a href=\"https:\/\/chat.whatsapp.com\/BlEK5T98UWK3QRYqlLJOnB\" target=\"_blank\" rel=\"noopener\">SailCommunity auf Whatsapp<\/a> um Crewmitglieder f\u00fcr Deinen T\u00f6rn oder eine Mitsegelgelegenheit zu finden:<\/p>\n<p><img fetchpriority=\"high\" decoding=\"async\" class=\"wp-image-59790 size-medium aligncenter\" style=\"padding-top: 25px;\" src=\"https:\/\/www.sailcom.ch\/wp-content\/uploads\/2026\/01\/20251203_QR-Code_Whatsapp_SailCommunity_640x795-242x300.png\" alt=\"\" width=\"242\" height=\"300\" \/><\/p>","protected":false},"excerpt":{"rendered":"<p>Ruedi&#8217;s Sif ist eine sch\u00f6ne, ger\u00e4umige 27 Fuss Yacht aus dem Hause Sunbeam, 2023 teilweise \u00fcberholt. Das Boot eignet sich perfekt f\u00fcr Familien mit Kindern sowie f\u00fcr Genuss-Segler, die den sch\u00f6nen Z\u00fcrich-Obersee erkunden m\u00f6chten. Das Cockpit ist gut gegen Wind und Wetter gesch\u00fctzt. Das Boot ist gutm\u00fctig und h\u00e4lt zuverl\u00e4ssig den Kurs. Der Innenraum ist [&hellip;]<\/p>\n","protected":false},"author":2,"featured_media":1591,"template":"","meta":{"_acf_changed":false,"publish_to_discourse":"","publish_post_category":"","wpdc_auto_publish_overridden":"","wpdc_topic_tags":"","wpdc_pin_topic":"","wpdc_pin_until":"","discourse_post_id":"","discourse_permalink":"","wpdc_publishing_response":"","wpdc_publishing_error":""},"product_brand":[],"product_cat":[123],"product_tag":[],"sailcom-capability":[],"sailcom-location":[347],"sailcom-event-type":[],"sailcom-boat-type":[366],"class_list":{"0":"post-1563","1":"product","2":"type-product","3":"status-publish","4":"has-post-thumbnail","6":"product_cat-day-easy","7":"sailcom-location-zurich-obersee","8":"sailcom-boat-type-day-easy","10":"first","11":"instock","12":"taxable","13":"shipping-taxable","14":"product-type-redq_rental"},"acf":[],"_links":{"self":[{"href":"https:\/\/www.sailcom.ch\/de\/wp-json\/wp\/v2\/product\/1563","targetHints":{"allow":["GET"]}}],"collection":[{"href":"https:\/\/www.sailcom.ch\/de\/wp-json\/wp\/v2\/product"}],"about":[{"href":"https:\/\/www.sailcom.ch\/de\/wp-json\/wp\/v2\/types\/product"}],"author":[{"embeddable":true,"href":"https:\/\/www.sailcom.ch\/de\/wp-json\/wp\/v2\/users\/2"}],"wp:featuredmedia":[{"embeddable":true,"href":"https:\/\/www.sailcom.ch\/de\/wp-json\/wp\/v2\/media\/1591"}],"wp:attachment":[{"href":"https:\/\/www.sailcom.ch\/de\/wp-json\/wp\/v2\/media?parent=1563"}],"wp:term":[{"taxonomy":"product_brand","embeddable":true,"href":"https:\/\/www.sailcom.ch\/de\/wp-json\/wp\/v2\/product_brand?post=1563"},{"taxonomy":"product_cat","embeddable":true,"href":"https:\/\/www.sailcom.ch\/de\/wp-json\/wp\/v2\/product_cat?post=1563"},{"taxonomy":"product_tag","embeddable":true,"href":"https:\/\/www.sailcom.ch\/de\/wp-json\/wp\/v2\/product_tag?post=1563"},{"taxonomy":"sailcom-capability","embeddable":true,"href":"https:\/\/www.sailcom.ch\/de\/wp-json\/wp\/v2\/sailcom-capability?post=1563"},{"taxonomy":"sailcom-location","embeddable":true,"href":"https:\/\/www.sailcom.ch\/de\/wp-json\/wp\/v2\/sailcom-location?post=1563"},{"taxonomy":"sailcom-event-type","embeddable":true,"href":"https:\/\/www.sailcom.ch\/de\/wp-json\/wp\/v2\/sailcom-event-type?post=1563"},{"taxonomy":"sailcom-boat-type","embeddable":true,"href":"https:\/\/www.sailcom.ch\/de\/wp-json\/wp\/v2\/sailcom-boat-type?post=1563"}],"curies":[{"name":"wp","href":"https:\/\/api.w.org\/{rel}","templated":true}]}}