{"id":1556,"date":"2023-09-12T12:00:17","date_gmt":"2023-09-12T10:00:17","guid":{"rendered":"https:\/\/www.sailcom.ch\/?post_type=product&#038;p=1556"},"modified":"2026-01-21T15:17:31","modified_gmt":"2026-01-21T14:17:31","slug":"sunny","status":"publish","type":"product","link":"https:\/\/www.sailcom.ch\/de\/produkt\/sunny\/","title":{"rendered":"Sunbeam 25 (Sunny)"},"content":{"rendered":"<p><strong>Die Sunbeam 25 &#8220;Sunny&#8221; ist eine attraktive Fahrten-Yacht mit sehr stabilen Segeleigenschaften.<\/strong><br \/>\nPerfekt eingerichtet f\u00fcr einen kurzen Segelausflug oder sogar f\u00fcr \u00dcbernachtungen vor Anker oder in einen G\u00e4stehafen:<br \/>\nDiesel Innenbordmotor, Rollreff-Anlage, Lazybag, elektrischer K\u00fchlschrank, Autopilot, eine komplett eingerichtete K\u00fcche und vieles mehr bringen echtes Yachtfeeling auf den Z\u00fcrichsee.<\/p>\n<p>Das Beste: Die Sunny ist auch im Winter im Wasser und verf\u00fcgt \u00fcber eine &#8220;Raclette \/ Fondue &#8211; Einrichtung&#8221;<\/p>\n<p>Kontakt f\u00fcr alle Fragen zum Boot oder individuelle Einweisungstermine: <a href=\"mailto:sunny.sailcom@hotmail.com\">sunny.sailcom@hotmail.com<\/a><\/p>\n<p>Unsere Events publizieren wir auch auf meetup &#8211; schreibt Euch doch auch da ein!<\/p>\n<p><a href=\"\/wp-content\/uploads\/2023\/01\/203_de_Handbuch.pdf\" target=\"_blank\" rel=\"noopener\">Handbuch der Sunny<\/a><\/p>\n<p>Dinghi Steg beim Seebad Enge, 36108, Sunny Boje 36107<\/p>\n<p><a href=\"\/wp-content\/uploads\/2023\/07\/Bojenfeld-Arboretum.pdf\" target=\"_blank\" rel=\"noopener\">Bojenfeld Arboretum<\/a><\/p>\n<p><a href=\"\/wp-content\/uploads\/2023\/01\/Bojenfeld-Dinghiplatze.pdf\" target=\"_blank\" rel=\"noopener\">Bojenfeld Dinghipl\u00e4tze<\/a><\/p>\n<p><strong>Mitsegeln und Community:<\/strong><\/p>\n<p>Verbinde Dich mit der <a href=\"https:\/\/chat.whatsapp.com\/BlEK5T98UWK3QRYqlLJOnB\" target=\"_blank\" rel=\"noopener\">SailCommunity auf Whatsapp<\/a> um Crewmitglieder f\u00fcr Deinen T\u00f6rn oder eine Mitsegelgelegenheit zu finden:<\/p>\n<p><img fetchpriority=\"high\" decoding=\"async\" class=\"wp-image-59790 size-medium aligncenter\" style=\"padding-top: 25px;\" src=\"https:\/\/www.sailcom.ch\/wp-content\/uploads\/2026\/01\/20251203_QR-Code_Whatsapp_SailCommunity_640x795-242x300.png\" alt=\"\" width=\"242\" height=\"300\" \/><\/p>","protected":false},"excerpt":{"rendered":"<p>Die Sunbeam 25 &#8220;Sunny&#8221; ist eine attraktive Fahrten-Yacht mit sehr stabilen Segeleigenschaften. Perfekt eingerichtet f\u00fcr einen kurzen Segelausflug oder sogar f\u00fcr \u00dcbernachtungen vor Anker oder in einen G\u00e4stehafen: Diesel Innenbordmotor, Rollreff-Anlage, Lazybag, elektrischer K\u00fchlschrank, Autopilot, eine komplett eingerichtete K\u00fcche und vieles mehr bringen echtes Yachtfeeling auf den Z\u00fcrichsee. Das Beste: Die Sunny ist auch im [&hellip;]<\/p>\n","protected":false},"author":2,"featured_media":1515,"template":"","meta":{"_acf_changed":false,"publish_to_discourse":"","publish_post_category":"","wpdc_auto_publish_overridden":"","wpdc_topic_tags":"","wpdc_pin_topic":"","wpdc_pin_until":"","discourse_post_id":"","discourse_permalink":"","wpdc_publishing_response":"","wpdc_publishing_error":""},"product_brand":[],"product_cat":[123],"product_tag":[],"sailcom-capability":[],"sailcom-location":[348],"sailcom-event-type":[],"sailcom-boat-type":[366],"class_list":{"0":"post-1556","1":"product","2":"type-product","3":"status-publish","4":"has-post-thumbnail","6":"product_cat-day-easy","7":"sailcom-location-zurichsee","8":"sailcom-boat-type-day-easy","10":"first","11":"instock","12":"taxable","13":"shipping-taxable","14":"product-type-redq_rental"},"acf":[],"_links":{"self":[{"href":"https:\/\/www.sailcom.ch\/de\/wp-json\/wp\/v2\/product\/1556","targetHints":{"allow":["GET"]}}],"collection":[{"href":"https:\/\/www.sailcom.ch\/de\/wp-json\/wp\/v2\/product"}],"about":[{"href":"https:\/\/www.sailcom.ch\/de\/wp-json\/wp\/v2\/types\/product"}],"author":[{"embeddable":true,"href":"https:\/\/www.sailcom.ch\/de\/wp-json\/wp\/v2\/users\/2"}],"wp:featuredmedia":[{"embeddable":true,"href":"https:\/\/www.sailcom.ch\/de\/wp-json\/wp\/v2\/media\/1515"}],"wp:attachment":[{"href":"https:\/\/www.sailcom.ch\/de\/wp-json\/wp\/v2\/media?parent=1556"}],"wp:term":[{"taxonomy":"product_brand","embeddable":true,"href":"https:\/\/www.sailcom.ch\/de\/wp-json\/wp\/v2\/product_brand?post=1556"},{"taxonomy":"product_cat","embeddable":true,"href":"https:\/\/www.sailcom.ch\/de\/wp-json\/wp\/v2\/product_cat?post=1556"},{"taxonomy":"product_tag","embeddable":true,"href":"https:\/\/www.sailcom.ch\/de\/wp-json\/wp\/v2\/product_tag?post=1556"},{"taxonomy":"sailcom-capability","embeddable":true,"href":"https:\/\/www.sailcom.ch\/de\/wp-json\/wp\/v2\/sailcom-capability?post=1556"},{"taxonomy":"sailcom-location","embeddable":true,"href":"https:\/\/www.sailcom.ch\/de\/wp-json\/wp\/v2\/sailcom-location?post=1556"},{"taxonomy":"sailcom-event-type","embeddable":true,"href":"https:\/\/www.sailcom.ch\/de\/wp-json\/wp\/v2\/sailcom-event-type?post=1556"},{"taxonomy":"sailcom-boat-type","embeddable":true,"href":"https:\/\/www.sailcom.ch\/de\/wp-json\/wp\/v2\/sailcom-boat-type?post=1556"}],"curies":[{"name":"wp","href":"https:\/\/api.w.org\/{rel}","templated":true}]}}