{"id":1555,"date":"2025-03-03T12:00:17","date_gmt":"2025-03-03T11:00:17","guid":{"rendered":"https:\/\/www.sailcom.ch\/?post_type=product&#038;p=1555"},"modified":"2026-05-12T16:42:13","modified_gmt":"2026-05-12T14:42:13","slug":"sunbeam-22-1","status":"publish","type":"product","link":"https:\/\/www.sailcom.ch\/de\/produkt\/sunbeam-22-1\/","title":{"rendered":"Sunbeam 22.1 (Sunset)"},"content":{"rendered":"<p>Die Sunbeam 22.1 ist ein modernes Kabinenboot f\u00fcr einfaches, sicheres und komfortables Segeln f\u00fcr Anf\u00e4nger, Familien und Geniesser.<\/p>\n<p>Sie zeichnet sich durch hohe Sicherheit und Stabilit\u00e4t aus bei gleichzeitig guten Segeleigenschaften.<\/p>\n<p>Man darf aber auch ansprechende Segeleigenschaften erwarten, immerhin war die Sunbeam 22.1 bis 2022 auch das Boot der \u00d6sterreichischen Segelbundesliga. Da ist Segelspass garantiert!<\/p>\n<p><strong>Wichtige Info:<\/strong><\/p>\n<ul>\n<li>Unsere <em>Sunset<\/em> verf\u00fcgt neu \u00fcber ein neues Antriebssystem bestehend aus Batterie, Motor und Schalter.<br \/>\nDie Handhabung ist ein wenig anders als beim bisherigen System. Eine kurze Einf\u00fchrung w\u00e4re nicht verkehrt.<br \/>\nEinf\u00fchrungen findest du hier: <a href=\"https:\/\/www.sailcom.ch\/events\/\" target=\"_blank\" rel=\"noopener\">https:\/\/www.sailcom.ch\/events\/<\/a> &#8211; oder kontaktiere das Bootsteam f\u00fcr einen Termin.<\/li>\n<\/ul>\n<p><strong>Weitere Ausstattung:<\/strong><\/p>\n<ul>\n<li>ePropulsion POD 3 EVO Elektromotor mit 3.0 kW Leistung und Energier\u00fcckgewinnung beim Segeln.<\/li>\n<li>flacher Roll-Gennaker (Code 0) f\u00fcr 60\u00b0-150\u00b0 TWA<\/li>\n<li>Hauptanker mit 30m Leine und 5m Kettenvorlauf.<\/li>\n<\/ul>\n<p><strong>Dokumente und Handb\u00fccher<\/strong>:<\/p>\n<p><a href=\"https:\/\/www.sailcom.ch\/wp-content\/uploads\/2026\/02\/Bootshandbuch_Sunbeam22.1_V1.4.pdf\" target=\"_blank\" rel=\"noopener\">Bootshandbuch Sunbeam 22.1<\/a><\/p>\n<p><a href=\"https:\/\/www.sailcom.ch\/wp-content\/uploads\/2024\/04\/Standortinfo_SunBeam22_1_Zurich_Mythenquai_V1.2.pdf\" target=\"_blank\" rel=\"noopener\">Standortinfo SunBeam 22.1 (Enge)<\/a><\/p>\n<p><strong>Mitsegeln und Community:<\/strong><\/p>\n<p>Verbinde Dich mit der <a href=\"https:\/\/chat.whatsapp.com\/BlEK5T98UWK3QRYqlLJOnB\" target=\"_blank\" rel=\"noopener\">SailCommunity auf Whatsapp<\/a> um Crewmitglieder f\u00fcr Deinen T\u00f6rn oder eine Mitsegelgelegenheit zu finden:<\/p>\n<p><img fetchpriority=\"high\" decoding=\"async\" class=\"wp-image-59790 size-medium aligncenter\" style=\"padding-top: 25px;\" src=\"https:\/\/www.sailcom.ch\/wp-content\/uploads\/2026\/01\/20251203_QR-Code_Whatsapp_SailCommunity_640x795-242x300.png\" alt=\"\" width=\"242\" height=\"300\" \/><\/p>","protected":false},"excerpt":{"rendered":"<p>Die Sunbeam 22.1 ist ein modernes Kabinenboot f\u00fcr einfaches, sicheres und komfortables Segeln f\u00fcr Anf\u00e4nger, Familien und Geniesser. Sie zeichnet sich durch hohe Sicherheit und Stabilit\u00e4t aus bei gleichzeitig guten Segeleigenschaften. Man darf aber auch ansprechende Segeleigenschaften erwarten, immerhin war die Sunbeam 22.1 bis 2022 auch das Boot der \u00d6sterreichischen Segelbundesliga. Da ist Segelspass garantiert! [&hellip;]<\/p>\n","protected":false},"author":2,"featured_media":51370,"template":"","meta":{"_acf_changed":false,"publish_to_discourse":"0","publish_post_category":"1","wpdc_auto_publish_overridden":"","wpdc_topic_tags":"","wpdc_pin_topic":"","wpdc_pin_until":"","discourse_post_id":"","discourse_permalink":"","wpdc_publishing_response":"","wpdc_publishing_error":""},"product_brand":[],"product_cat":[123],"product_tag":[],"sailcom-capability":[],"sailcom-location":[348],"sailcom-event-type":[],"sailcom-boat-type":[366],"class_list":{"0":"post-1555","1":"product","2":"type-product","3":"status-publish","4":"has-post-thumbnail","6":"product_cat-day-easy","7":"sailcom-location-zurichsee","8":"sailcom-boat-type-day-easy","10":"first","11":"instock","12":"taxable","13":"shipping-taxable","14":"product-type-redq_rental"},"acf":[],"_links":{"self":[{"href":"https:\/\/www.sailcom.ch\/de\/wp-json\/wp\/v2\/product\/1555","targetHints":{"allow":["GET"]}}],"collection":[{"href":"https:\/\/www.sailcom.ch\/de\/wp-json\/wp\/v2\/product"}],"about":[{"href":"https:\/\/www.sailcom.ch\/de\/wp-json\/wp\/v2\/types\/product"}],"author":[{"embeddable":true,"href":"https:\/\/www.sailcom.ch\/de\/wp-json\/wp\/v2\/users\/2"}],"wp:featuredmedia":[{"embeddable":true,"href":"https:\/\/www.sailcom.ch\/de\/wp-json\/wp\/v2\/media\/51370"}],"wp:attachment":[{"href":"https:\/\/www.sailcom.ch\/de\/wp-json\/wp\/v2\/media?parent=1555"}],"wp:term":[{"taxonomy":"product_brand","embeddable":true,"href":"https:\/\/www.sailcom.ch\/de\/wp-json\/wp\/v2\/product_brand?post=1555"},{"taxonomy":"product_cat","embeddable":true,"href":"https:\/\/www.sailcom.ch\/de\/wp-json\/wp\/v2\/product_cat?post=1555"},{"taxonomy":"product_tag","embeddable":true,"href":"https:\/\/www.sailcom.ch\/de\/wp-json\/wp\/v2\/product_tag?post=1555"},{"taxonomy":"sailcom-capability","embeddable":true,"href":"https:\/\/www.sailcom.ch\/de\/wp-json\/wp\/v2\/sailcom-capability?post=1555"},{"taxonomy":"sailcom-location","embeddable":true,"href":"https:\/\/www.sailcom.ch\/de\/wp-json\/wp\/v2\/sailcom-location?post=1555"},{"taxonomy":"sailcom-event-type","embeddable":true,"href":"https:\/\/www.sailcom.ch\/de\/wp-json\/wp\/v2\/sailcom-event-type?post=1555"},{"taxonomy":"sailcom-boat-type","embeddable":true,"href":"https:\/\/www.sailcom.ch\/de\/wp-json\/wp\/v2\/sailcom-boat-type?post=1555"}],"curies":[{"name":"wp","href":"https:\/\/api.w.org\/{rel}","templated":true}]}}