{"id":1546,"date":"2021-09-13T16:00:17","date_gmt":"2021-09-13T14:00:17","guid":{"rendered":"https:\/\/www.sailcom.ch\/?post_type=product&#038;p=1546"},"modified":"2026-05-13T10:07:14","modified_gmt":"2026-05-13T08:07:14","slug":"olimpico","status":"publish","type":"product","link":"https:\/\/www.sailcom.ch\/de\/produkt\/olimpico\/","title":{"rendered":"SCRG Yngling (Olimpico)"},"content":{"rendered":"<p>Egal, ob Du nach dem Erwerb des D-Scheins erste Segelerfahrungen sammeln, gem\u00fctlich im unteren Z\u00fcrichseebecken &#8220;rumcruisen&#8221; oder mittels der Trimmm\u00f6glichkeiten den vollen Speed aus dem Olympiaboot rausholen m\u00f6chtest: Auf der Ol\u00edmpico bist Du immer richtig. Der Yngling ist auch bei viel Wind einfach beherrschbar und unsinkbar. Beachte, dass wegen des &#8220;hohen&#8221; Bodens und der Trimmsysteme im Bug der Platz f\u00fcr Gep\u00e4ck beschr\u00e4nkt ist.<\/p>\n<p>M\u00f6chtest Du ein\u00a0<strong>Einstieg Regattasegeln<\/strong>, einen\u00a0<strong>Spikurs<\/strong>\u00a0oder einen\u00a0<strong>Refresher<\/strong>? =&gt; Schreibe mir ein E-Mail:\u00a0<a href=\"mailto:jan.wild@sailcom.ch?subject=Ja%2C%20ich%20will%20(ein%20Willkommenssegeln%2C%20einen%20Spikurs%2C%20einen%20Refresher)!&amp;body=Hallo%20Jan%0A%0AGerne%20h%C3%A4tte%20ich%20ein%20%20Willkommenssegeln%2C%20einen%20Spikurs%2C%20einen%20Refresher!%0A%0AMelde%20Dich%20doch%20bei%20mir!%0A%0AGruss%2C%20\">jan.wild@sailcom.ch<\/a><\/p>\n<p>Willst Du jeweils am Dienstagabend am\u00a0<strong>Yngling-Regattatraining<\/strong>\u00a0vom ZSC teilnehmen? =&gt; Melde Dich auf\u00a0<a href=\"https:\/\/www.sailcom-racegroup.ch\/\">sailcom-racegroup.ch<\/a>\u00a0an.<\/p>\n<p>Standort: Enge, Steg 4, Nr. 64 (Nr. 06405)<\/p>","protected":false},"excerpt":{"rendered":"<hr \/>\n<p><strong>Dieser Yngling kann nur von SCRG-Mitgliedern genutzt werden. Weitere Informationen findest Du hier: <a class=\"moz-txt-link-freetext\" href=\"https:\/\/sailcom-racegroup.ch\/\" target=\"_blank\" rel=\"noopener\">https:\/\/sailcom-racegroup.ch\/<\/a>.<\/strong><\/p>\n<hr \/>\n<p>&nbsp;<\/p>\n","protected":false},"author":2,"featured_media":1580,"template":"","meta":{"_acf_changed":false,"publish_to_discourse":"0","publish_post_category":"1","wpdc_auto_publish_overridden":"","wpdc_topic_tags":"","wpdc_pin_topic":"","wpdc_pin_until":"","discourse_post_id":"","discourse_permalink":"","wpdc_publishing_response":"","wpdc_publishing_error":""},"product_brand":[],"product_cat":[122],"product_tag":[],"sailcom-capability":[],"sailcom-location":[348],"sailcom-event-type":[],"sailcom-boat-type":[365],"class_list":{"0":"post-1546","1":"product","2":"type-product","3":"status-publish","4":"has-post-thumbnail","6":"product_cat-open","7":"sailcom-location-zurichsee","8":"sailcom-boat-type-open","10":"first","11":"instock","12":"taxable","13":"shipping-taxable","14":"product-type-redq_rental"},"acf":[],"_links":{"self":[{"href":"https:\/\/www.sailcom.ch\/de\/wp-json\/wp\/v2\/product\/1546","targetHints":{"allow":["GET"]}}],"collection":[{"href":"https:\/\/www.sailcom.ch\/de\/wp-json\/wp\/v2\/product"}],"about":[{"href":"https:\/\/www.sailcom.ch\/de\/wp-json\/wp\/v2\/types\/product"}],"author":[{"embeddable":true,"href":"https:\/\/www.sailcom.ch\/de\/wp-json\/wp\/v2\/users\/2"}],"wp:featuredmedia":[{"embeddable":true,"href":"https:\/\/www.sailcom.ch\/de\/wp-json\/wp\/v2\/media\/1580"}],"wp:attachment":[{"href":"https:\/\/www.sailcom.ch\/de\/wp-json\/wp\/v2\/media?parent=1546"}],"wp:term":[{"taxonomy":"product_brand","embeddable":true,"href":"https:\/\/www.sailcom.ch\/de\/wp-json\/wp\/v2\/product_brand?post=1546"},{"taxonomy":"product_cat","embeddable":true,"href":"https:\/\/www.sailcom.ch\/de\/wp-json\/wp\/v2\/product_cat?post=1546"},{"taxonomy":"product_tag","embeddable":true,"href":"https:\/\/www.sailcom.ch\/de\/wp-json\/wp\/v2\/product_tag?post=1546"},{"taxonomy":"sailcom-capability","embeddable":true,"href":"https:\/\/www.sailcom.ch\/de\/wp-json\/wp\/v2\/sailcom-capability?post=1546"},{"taxonomy":"sailcom-location","embeddable":true,"href":"https:\/\/www.sailcom.ch\/de\/wp-json\/wp\/v2\/sailcom-location?post=1546"},{"taxonomy":"sailcom-event-type","embeddable":true,"href":"https:\/\/www.sailcom.ch\/de\/wp-json\/wp\/v2\/sailcom-event-type?post=1546"},{"taxonomy":"sailcom-boat-type","embeddable":true,"href":"https:\/\/www.sailcom.ch\/de\/wp-json\/wp\/v2\/sailcom-boat-type?post=1546"}],"curies":[{"name":"wp","href":"https:\/\/api.w.org\/{rel}","templated":true}]}}