{"id":1535,"date":"2023-09-15T10:00:17","date_gmt":"2023-09-15T08:00:17","guid":{"rendered":"https:\/\/www.sailcom.ch\/?post_type=product&#038;p=1535"},"modified":"2026-05-12T10:32:20","modified_gmt":"2026-05-12T08:32:20","slug":"j-70-sui-1541","status":"publish","type":"product","link":"https:\/\/www.sailcom.ch\/de\/produkt\/j-70-sui-1541\/","title":{"rendered":"J 70 (Jojo) &#8211; Z\u00fcrich Wollishofen &#8211; 04 636"},"content":{"rendered":"<p>Das aktuelle Standard Boot der Klasse Open bei Sailcom.<\/p>\n<p>Gutm\u00fctig und einfach zu segeln f\u00fcr Gelegenheitssegler und eine Rennyacht f\u00fcr Segler, die mit ihr umzugehen wissen.<br \/>\nDas Boot der Sailing-League und der Segelbundesliga: Sch\u00f6n, schnell und doch gutm\u00fctig und einfach im Handling.<\/p>\n<p>Der Elektromotor sorgt f\u00fcr einfachen uns sicheren Antrieb vor und im Hafen. Das perfekte Boot f\u00fcr Spass, Genuss, Sundowner oder zum einfach nur f\u00fcr\u00a0ein, zwei tolle Segelstunden nach Feierabend.<\/p>\n<p>Standort ab 30.05.2025: Hafen Wollishofen, Platz 04 636<\/p>\n<p><a href=\"https:\/\/www.sailcom.ch\/wp-content\/uploads\/2025\/06\/Standortinformation_J-70-Zurich-Wollishofen_29052025.pdf\" target=\"_blank\" rel=\"noopener\">Standortinformationen<\/a><\/p>\n<p><a href=\"https:\/\/www.sailcom.ch\/wp-content\/uploads\/2023\/09\/Bootshandbuch-J70-V6.0-15.01.2024.pdf\" target=\"_blank\" rel=\"noopener\">Handbuch J 70<\/a><\/p>\n<p><strong>Mitsegeln und Community:<\/strong><\/p>\n<p>Verbinde Dich mit der <a href=\"https:\/\/chat.whatsapp.com\/BlEK5T98UWK3QRYqlLJOnB\" target=\"_blank\" rel=\"noopener\">SailCommunity auf Whatsapp<\/a> um Crewmitglieder f\u00fcr Deinen T\u00f6rn oder eine Mitsegelgelegenheit zu finden:<\/p>\n<p><img fetchpriority=\"high\" decoding=\"async\" class=\"wp-image-59790 size-medium aligncenter\" style=\"padding-top: 25px;\" src=\"https:\/\/www.sailcom.ch\/wp-content\/uploads\/2026\/01\/20251203_QR-Code_Whatsapp_SailCommunity_640x795-242x300.png\" alt=\"\" width=\"242\" height=\"300\" \/><\/p>","protected":false},"excerpt":{"rendered":"<p>Das aktuelle Standard Boot der Klasse Open bei Sailcom. Gutm\u00fctig und einfach zu segeln f\u00fcr Gelegenheitssegler und eine Rennyacht f\u00fcr Segler, die mit ihr umzugehen wissen. Das Boot der Sailing-League und der Segelbundesliga: Sch\u00f6n, schnell und doch gutm\u00fctig und einfach im Handling. Der Elektromotor sorgt f\u00fcr einfachen uns sicheren Antrieb vor und im Hafen. Das [&hellip;]<\/p>\n","protected":false},"author":2,"featured_media":1534,"template":"","meta":{"_acf_changed":false,"publish_to_discourse":"","publish_post_category":"","wpdc_auto_publish_overridden":"","wpdc_topic_tags":"","wpdc_pin_topic":"","wpdc_pin_until":"","discourse_post_id":"","discourse_permalink":"","wpdc_publishing_response":"","wpdc_publishing_error":""},"product_brand":[],"product_cat":[122],"product_tag":[],"sailcom-capability":[],"sailcom-location":[348],"sailcom-event-type":[],"sailcom-boat-type":[365],"class_list":{"0":"post-1535","1":"product","2":"type-product","3":"status-publish","4":"has-post-thumbnail","6":"product_cat-open","7":"sailcom-location-zurichsee","8":"sailcom-boat-type-open","10":"first","11":"instock","12":"taxable","13":"shipping-taxable","14":"product-type-redq_rental"},"acf":[],"_links":{"self":[{"href":"https:\/\/www.sailcom.ch\/de\/wp-json\/wp\/v2\/product\/1535","targetHints":{"allow":["GET"]}}],"collection":[{"href":"https:\/\/www.sailcom.ch\/de\/wp-json\/wp\/v2\/product"}],"about":[{"href":"https:\/\/www.sailcom.ch\/de\/wp-json\/wp\/v2\/types\/product"}],"author":[{"embeddable":true,"href":"https:\/\/www.sailcom.ch\/de\/wp-json\/wp\/v2\/users\/2"}],"wp:featuredmedia":[{"embeddable":true,"href":"https:\/\/www.sailcom.ch\/de\/wp-json\/wp\/v2\/media\/1534"}],"wp:attachment":[{"href":"https:\/\/www.sailcom.ch\/de\/wp-json\/wp\/v2\/media?parent=1535"}],"wp:term":[{"taxonomy":"product_brand","embeddable":true,"href":"https:\/\/www.sailcom.ch\/de\/wp-json\/wp\/v2\/product_brand?post=1535"},{"taxonomy":"product_cat","embeddable":true,"href":"https:\/\/www.sailcom.ch\/de\/wp-json\/wp\/v2\/product_cat?post=1535"},{"taxonomy":"product_tag","embeddable":true,"href":"https:\/\/www.sailcom.ch\/de\/wp-json\/wp\/v2\/product_tag?post=1535"},{"taxonomy":"sailcom-capability","embeddable":true,"href":"https:\/\/www.sailcom.ch\/de\/wp-json\/wp\/v2\/sailcom-capability?post=1535"},{"taxonomy":"sailcom-location","embeddable":true,"href":"https:\/\/www.sailcom.ch\/de\/wp-json\/wp\/v2\/sailcom-location?post=1535"},{"taxonomy":"sailcom-event-type","embeddable":true,"href":"https:\/\/www.sailcom.ch\/de\/wp-json\/wp\/v2\/sailcom-event-type?post=1535"},{"taxonomy":"sailcom-boat-type","embeddable":true,"href":"https:\/\/www.sailcom.ch\/de\/wp-json\/wp\/v2\/sailcom-boat-type?post=1535"}],"curies":[{"name":"wp","href":"https:\/\/api.w.org\/{rel}","templated":true}]}}