{"id":1510,"date":"2023-09-15T09:00:56","date_gmt":"2023-09-15T07:00:56","guid":{"rendered":"https:\/\/www.sailcom.ch\/?post_type=product&#038;p=1510"},"modified":"2026-01-30T10:58:29","modified_gmt":"2026-01-30T09:58:29","slug":"j-70-sui-1536-alkyone","status":"publish","type":"product","link":"https:\/\/www.sailcom.ch\/de\/produkt\/j-70-sui-1536-alkyone\/","title":{"rendered":"J 70 &#8211; SUI 1536 (Alkyone)"},"content":{"rendered":"<p><strong>Das aktuelle Standard Boot der Klasse Open bei Sailcom.<\/strong><br \/>\nDie Alkyone ist eine gutm\u00fctige und leicht zu segelnde Yacht f\u00fcr Gelegenheitssegler, aber auch eine Rennyacht f\u00fcr Segler, die das volle Potenzial aussch\u00f6pfen wollen.<\/p>\n<p>Das Boot der Sailing-League und der Segelbundesliga: Sch\u00f6n, schnell und doch gutm\u00fctig und einfach im Handling.<br \/>\nDas perfekte Boot f\u00fcr Spass, Genuss, Sundowner oder zum einfach nur f\u00fcr\u00a0ein, zwei tolle Segelstunden nach Feierabend.<\/p>\n<p>Unsere Veranstaltungen sind unter Events und auf der <a href=\"https:\/\/sailcrew.ch\" target=\"_blank\" rel=\"noopener\">Webseite des Greifensee-Teams<\/a> ausgeschrieben.<\/p>\n<p><strong>Standort:<\/strong> Steg Nord Platz 40 (Schl\u00fcssel am Tor zum Steg)<\/p>\n<p><strong>Mitsegeln und Community:<\/strong><\/p>\n<p>Verbinde Dich mit der <a href=\"https:\/\/chat.whatsapp.com\/BlEK5T98UWK3QRYqlLJOnB\" target=\"_blank\" rel=\"noopener\">SailCommunity auf Whatsapp<\/a> um Crewmitglieder f\u00fcr Deinen T\u00f6rn oder eine Mitsegelgelegenheit zu finden:<\/p>\n<p><img fetchpriority=\"high\" decoding=\"async\" class=\"wp-image-59790 size-medium aligncenter\" style=\"padding-top: 25px;\" src=\"https:\/\/www.sailcom.ch\/wp-content\/uploads\/2026\/01\/20251203_QR-Code_Whatsapp_SailCommunity_640x795-242x300.png\" alt=\"\" width=\"242\" height=\"300\" \/><\/p>\n<p>&nbsp;<\/p>\n<p><a href=\"https:\/\/www.sailcom.ch\/wp-content\/uploads\/2023\/09\/Bootshandbuch-J70-V6.0-15.01.2024.pdf\" target=\"_blank\" rel=\"noopener\">Handbuch J70<\/a><\/p>\n<p><a href=\"https:\/\/www.sailcom.ch\/wp-content\/uploads\/2025\/02\/Standortinfo-Greifensee-V2.5-03.02.2025.pdf\" target=\"_blank\" rel=\"noopener\">Standortinformationen Greifensee<\/a><\/p>","protected":false},"excerpt":{"rendered":"<p>Das aktuelle Standard Boot der Klasse Open bei Sailcom. Die Alkyone ist eine gutm\u00fctige und leicht zu segelnde Yacht f\u00fcr Gelegenheitssegler, aber auch eine Rennyacht f\u00fcr Segler, die das volle Potenzial aussch\u00f6pfen wollen. Das Boot der Sailing-League und der Segelbundesliga: Sch\u00f6n, schnell und doch gutm\u00fctig und einfach im Handling. Das perfekte Boot f\u00fcr Spass, Genuss, [&hellip;]<\/p>\n","protected":false},"author":2,"featured_media":1533,"template":"","meta":{"_acf_changed":false,"publish_to_discourse":"","publish_post_category":"","wpdc_auto_publish_overridden":"","wpdc_topic_tags":"","wpdc_pin_topic":"","wpdc_pin_until":"","discourse_post_id":"","discourse_permalink":"","wpdc_publishing_response":"","wpdc_publishing_error":""},"product_brand":[],"product_cat":[122],"product_tag":[],"sailcom-capability":[],"sailcom-location":[341],"sailcom-event-type":[],"sailcom-boat-type":[365],"class_list":{"0":"post-1510","1":"product","2":"type-product","3":"status-publish","4":"has-post-thumbnail","6":"product_cat-open","7":"sailcom-location-greifensee","8":"sailcom-boat-type-open","10":"first","11":"instock","12":"taxable","13":"shipping-taxable","14":"product-type-redq_rental"},"acf":[],"_links":{"self":[{"href":"https:\/\/www.sailcom.ch\/de\/wp-json\/wp\/v2\/product\/1510","targetHints":{"allow":["GET"]}}],"collection":[{"href":"https:\/\/www.sailcom.ch\/de\/wp-json\/wp\/v2\/product"}],"about":[{"href":"https:\/\/www.sailcom.ch\/de\/wp-json\/wp\/v2\/types\/product"}],"author":[{"embeddable":true,"href":"https:\/\/www.sailcom.ch\/de\/wp-json\/wp\/v2\/users\/2"}],"wp:featuredmedia":[{"embeddable":true,"href":"https:\/\/www.sailcom.ch\/de\/wp-json\/wp\/v2\/media\/1533"}],"wp:attachment":[{"href":"https:\/\/www.sailcom.ch\/de\/wp-json\/wp\/v2\/media?parent=1510"}],"wp:term":[{"taxonomy":"product_brand","embeddable":true,"href":"https:\/\/www.sailcom.ch\/de\/wp-json\/wp\/v2\/product_brand?post=1510"},{"taxonomy":"product_cat","embeddable":true,"href":"https:\/\/www.sailcom.ch\/de\/wp-json\/wp\/v2\/product_cat?post=1510"},{"taxonomy":"product_tag","embeddable":true,"href":"https:\/\/www.sailcom.ch\/de\/wp-json\/wp\/v2\/product_tag?post=1510"},{"taxonomy":"sailcom-capability","embeddable":true,"href":"https:\/\/www.sailcom.ch\/de\/wp-json\/wp\/v2\/sailcom-capability?post=1510"},{"taxonomy":"sailcom-location","embeddable":true,"href":"https:\/\/www.sailcom.ch\/de\/wp-json\/wp\/v2\/sailcom-location?post=1510"},{"taxonomy":"sailcom-event-type","embeddable":true,"href":"https:\/\/www.sailcom.ch\/de\/wp-json\/wp\/v2\/sailcom-event-type?post=1510"},{"taxonomy":"sailcom-boat-type","embeddable":true,"href":"https:\/\/www.sailcom.ch\/de\/wp-json\/wp\/v2\/sailcom-boat-type?post=1510"}],"curies":[{"name":"wp","href":"https:\/\/api.w.org\/{rel}","templated":true}]}}