{"id":1502,"date":"2023-09-12T12:00:56","date_gmt":"2023-09-12T10:00:56","guid":{"rendered":"https:\/\/www.sailcom.ch\/?post_type=product&#038;p=1502"},"modified":"2026-01-21T15:16:47","modified_gmt":"2026-01-21T14:16:47","slug":"csacsi","status":"publish","type":"product","link":"https:\/\/www.sailcom.ch\/de\/produkt\/csacsi\/","title":{"rendered":"First 211 (Csacsi)"},"content":{"rendered":"<p><strong>Die B\u00e9n\u00e9teau First 211 &#8220;CsaCsi&#8221; ist eine schnelle, sichere und beliebte kleine Segelyacht!<\/strong><\/p>\n<div class=\"column col-xs-12 col-md-6\">\n<div class=\"detailDescription\">\n<div class=\"prpertieValue\">\n<p>Sie ist das Ergebnis der langj\u00e4hrigen Erfahrung von B\u00e9n\u00e9teau: Deckschale und Rumpf sind sehr steif, sorgf\u00e4ltig positionierte Auftriebsk\u00f6rper machen die First 211 unsinkbar. Aber vor allem sorgt ein profilierter Hubkiel aus Eisen (350 kg) f\u00fcr hervorragende Segeleigenschaften und Stabilit\u00e4t. Zwei Steckruder lassen einen das Boot bei jedem Wind beherrschen.<\/p>\n<p><span id=\"mp_spacer1\" class=\"mp_spacer\">Die CsaCsi ist perfekt geeignet, das S\u00fcdufer des Neuenburgersees zu entdecken, der Liegeplatz in Gletterens liegt mitten im Naturschutzgebiet der Grande Caricaie &#8211; Ein wirklich attraktiver Ort, den Zauber des Neuenburgersees zu entdecken!<\/span><\/p>\n<\/div>\n<\/div>\n<p><a href=\"https:\/\/www.sailcom.ch\/wp-content\/uploads\/2023\/09\/Manuel-First-Francais-2024.pdf\">Manuel First CsaCsi Franc\u0327ais 2024<\/a><\/p>\n<p><a href=\"https:\/\/www.sailcom.ch\/wp-content\/uploads\/2023\/09\/HandbuchFirst-2024-.pdf\">Handbuch First CsaCsi 2024<\/a><\/p>\n<p><strong>Mitsegeln und Community:<\/strong><\/p>\n<p>Verbinde Dich mit der <a href=\"https:\/\/chat.whatsapp.com\/BlEK5T98UWK3QRYqlLJOnB\" target=\"_blank\" rel=\"noopener\">SailCommunity auf Whatsapp<\/a> um Crewmitglieder f\u00fcr Deinen T\u00f6rn oder eine Mitsegelgelegenheit zu finden:<\/p>\n<p><img fetchpriority=\"high\" decoding=\"async\" class=\"wp-image-59790 size-medium aligncenter\" style=\"padding-top: 25px;\" src=\"https:\/\/www.sailcom.ch\/wp-content\/uploads\/2026\/01\/20251203_QR-Code_Whatsapp_SailCommunity_640x795-242x300.png\" alt=\"\" width=\"242\" height=\"300\" \/>\n<\/div>","protected":false},"excerpt":{"rendered":"<p>Die B\u00e9n\u00e9teau First 211 &#8220;CsaCsi&#8221; ist eine schnelle, sichere und beliebte kleine Segelyacht! Sie ist das Ergebnis der langj\u00e4hrigen Erfahrung von B\u00e9n\u00e9teau: Deckschale und Rumpf sind sehr steif, sorgf\u00e4ltig positionierte Auftriebsk\u00f6rper machen die First 211 unsinkbar. Aber vor allem sorgt ein profilierter Hubkiel aus Eisen (350 kg) f\u00fcr hervorragende Segeleigenschaften und Stabilit\u00e4t. Zwei Steckruder lassen [&hellip;]<\/p>\n","protected":false},"author":2,"featured_media":1521,"template":"","meta":{"_acf_changed":false,"publish_to_discourse":"","publish_post_category":"","wpdc_auto_publish_overridden":"","wpdc_topic_tags":"","wpdc_pin_topic":"","wpdc_pin_until":"","discourse_post_id":"","discourse_permalink":"","wpdc_publishing_response":"","wpdc_publishing_error":""},"product_brand":[],"product_cat":[123],"product_tag":[],"sailcom-capability":[],"sailcom-location":[344],"sailcom-event-type":[],"sailcom-boat-type":[366],"class_list":{"0":"post-1502","1":"product","2":"type-product","3":"status-publish","4":"has-post-thumbnail","6":"product_cat-day-easy","7":"sailcom-location-neuenburgersee","8":"sailcom-boat-type-day-easy","10":"first","11":"instock","12":"taxable","13":"shipping-taxable","14":"product-type-redq_rental"},"acf":[],"_links":{"self":[{"href":"https:\/\/www.sailcom.ch\/de\/wp-json\/wp\/v2\/product\/1502","targetHints":{"allow":["GET"]}}],"collection":[{"href":"https:\/\/www.sailcom.ch\/de\/wp-json\/wp\/v2\/product"}],"about":[{"href":"https:\/\/www.sailcom.ch\/de\/wp-json\/wp\/v2\/types\/product"}],"author":[{"embeddable":true,"href":"https:\/\/www.sailcom.ch\/de\/wp-json\/wp\/v2\/users\/2"}],"wp:featuredmedia":[{"embeddable":true,"href":"https:\/\/www.sailcom.ch\/de\/wp-json\/wp\/v2\/media\/1521"}],"wp:attachment":[{"href":"https:\/\/www.sailcom.ch\/de\/wp-json\/wp\/v2\/media?parent=1502"}],"wp:term":[{"taxonomy":"product_brand","embeddable":true,"href":"https:\/\/www.sailcom.ch\/de\/wp-json\/wp\/v2\/product_brand?post=1502"},{"taxonomy":"product_cat","embeddable":true,"href":"https:\/\/www.sailcom.ch\/de\/wp-json\/wp\/v2\/product_cat?post=1502"},{"taxonomy":"product_tag","embeddable":true,"href":"https:\/\/www.sailcom.ch\/de\/wp-json\/wp\/v2\/product_tag?post=1502"},{"taxonomy":"sailcom-capability","embeddable":true,"href":"https:\/\/www.sailcom.ch\/de\/wp-json\/wp\/v2\/sailcom-capability?post=1502"},{"taxonomy":"sailcom-location","embeddable":true,"href":"https:\/\/www.sailcom.ch\/de\/wp-json\/wp\/v2\/sailcom-location?post=1502"},{"taxonomy":"sailcom-event-type","embeddable":true,"href":"https:\/\/www.sailcom.ch\/de\/wp-json\/wp\/v2\/sailcom-event-type?post=1502"},{"taxonomy":"sailcom-boat-type","embeddable":true,"href":"https:\/\/www.sailcom.ch\/de\/wp-json\/wp\/v2\/sailcom-boat-type?post=1502"}],"curies":[{"name":"wp","href":"https:\/\/api.w.org\/{rel}","templated":true}]}}