{"id":1497,"date":"2023-09-12T12:00:56","date_gmt":"2023-09-12T10:00:56","guid":{"rendered":"https:\/\/www.sailcom.ch\/?post_type=product&#038;p=1497"},"modified":"2026-01-21T15:16:25","modified_gmt":"2026-01-21T14:16:25","slug":"aramis","status":"publish","type":"product","link":"https:\/\/www.sailcom.ch\/de\/produkt\/aramis\/","title":{"rendered":"Surprise (Aramis)"},"content":{"rendered":"<div class=\"column col-xs-12 col-md-6\">\n<div class=\"detailDescription\">\n<div class=\"prpertieValue\">\n<p><strong>Durch den Verzicht auf l\u00e4stige Persenninge und die Ausstattung mit einer Genua-Rollreffanlage mit integriertem UV-Schutz (neu seit Saison 2024) sowie dem Lazy-Bag f\u00fcr das 2-stufig reffbare Grosssegel ist die Aramis im Handumdrehen segelklar bzw. wieder versorgt und somit auch f\u00fcr spontane Feierabendt\u00f6rns bestens geeignet.<\/strong><\/p>\n<p>Sie spricht schon bei wenig Wind gut an und bietet in ihrem breiten Cockpit viel Platz f\u00fcr 4 Personen, zugelassen sind maximal 6 Erwachsene.<br \/>\nEin kleiner und ein grosser Spinnaker komplettieren die Segelausr\u00fcstung.<\/p>\n<p>In der hellen Kaj\u00fcte k\u00f6nnen 2-3 Personen bequem \u00fcbernachten, insgesamt gibt es 4 Kojenpl\u00e4tze, allerdings kann es dann etwas eng werden.<br \/>\nF\u00fcr \u00dcbernachtungen bitte eigene Bettbez\u00fcge und -decken mitbringen.<\/p>\n<p><strong>Weitere Ausstattung:<\/strong> Geschirr, Becher und Besteck f\u00fcr mind. 6 Personen in Geschirrbox. USB-Ladebuchse, fest montierte Badeleiter, Werkzeug und Ersatzteile f\u00fcr kleinere Reparaturen.<\/p>\n<\/div>\n<\/div>\n<div class=\"detailDescription\">\n<div class=\"prpertieValue\">\n<p style=\"font-weight: 400;\"><strong>Liegeplatz<\/strong><\/p>\n<p style=\"font-weight: 400;\">Der Liegeplatz in der L\u00f6wenhaab, Platz 4 gegen\u00fcber Gasthof zum L\u00f6wen, Seestrasse 595 in Meilen\/Z\u00fcrichsee ist zentral gelegen, 100m vom ZSG-Anleger entfernt.<br \/>\nVom\/zum Bahnhof sind es nur ca. 400m. Kostenpflichtige Parkpl\u00e4tze sind in der N\u00e4he vorhanden, falls besetzt oder bei l\u00e4ngerem T\u00f6rn kann im Parkhaus geparkt werden ( Bahnhofstrasse 35).<\/p>\n<\/div>\n<p><a href=\"https:\/\/www.meteoblue.com\/de\/wetter\/woche\/meilen_schweiz_2659703\">Aktuelles Wetter Meilen<\/a><\/p>\n<p><a href=\"https:\/\/www.sailcom.ch\/wp-content\/uploads\/2024\/09\/Aramis_Handbuch_V02.0-1.pdf\" target=\"_blank\" rel=\"noopener\">Handbuch Aramis<\/a><\/p>\n<p><strong>Mitsegeln und Community:<\/strong><\/p>\n<p>Verbinde Dich mit der <a href=\"https:\/\/chat.whatsapp.com\/BlEK5T98UWK3QRYqlLJOnB\" target=\"_blank\" rel=\"noopener\">SailCommunity auf Whatsapp<\/a> um Crewmitglieder f\u00fcr Deinen T\u00f6rn oder eine Mitsegelgelegenheit zu finden:<\/p>\n<p><img fetchpriority=\"high\" decoding=\"async\" class=\"wp-image-59790 size-medium aligncenter\" style=\"padding-top: 25px;\" src=\"https:\/\/www.sailcom.ch\/wp-content\/uploads\/2026\/01\/20251203_QR-Code_Whatsapp_SailCommunity_640x795-242x300.png\" alt=\"\" width=\"242\" height=\"300\" \/><\/p>\n<\/div>\n<\/div>","protected":false},"excerpt":{"rendered":"<p><span style=\"color: #993366;\"><strong>Sonder-Rabatt &#8220;Aramis&#8221;:<\/strong><\/span><\/p>\n<p>15% Erm\u00e4ssigung f\u00fcr jede Buchung der Aramis, die im Zeitraum vom 01.01. &#8211; 15.06.2026 erfolgt.<br \/>\nDer Rabatt wird vor Abschluss der Buchung angezeigt.<\/p>\n<p><strong>Massgebend f\u00fcr den Rabatt ist das Datum der Reservation.<\/strong><br \/>\nDie Nutzung kann auch ausserhalb des Zeitraumes reserviert werden.<\/p>\n","protected":false},"author":2,"featured_media":6472,"template":"","meta":{"_acf_changed":false,"publish_to_discourse":"","publish_post_category":"","wpdc_auto_publish_overridden":"","wpdc_topic_tags":"","wpdc_pin_topic":"","wpdc_pin_until":"","discourse_post_id":"","discourse_permalink":"","wpdc_publishing_response":"","wpdc_publishing_error":""},"product_brand":[],"product_cat":[123],"product_tag":[],"sailcom-capability":[],"sailcom-location":[348],"sailcom-event-type":[],"sailcom-boat-type":[366],"class_list":{"0":"post-1497","1":"product","2":"type-product","3":"status-publish","4":"has-post-thumbnail","6":"product_cat-day-easy","7":"sailcom-location-zurichsee","8":"sailcom-boat-type-day-easy","10":"first","11":"instock","12":"taxable","13":"shipping-taxable","14":"product-type-redq_rental"},"acf":[],"_links":{"self":[{"href":"https:\/\/www.sailcom.ch\/de\/wp-json\/wp\/v2\/product\/1497","targetHints":{"allow":["GET"]}}],"collection":[{"href":"https:\/\/www.sailcom.ch\/de\/wp-json\/wp\/v2\/product"}],"about":[{"href":"https:\/\/www.sailcom.ch\/de\/wp-json\/wp\/v2\/types\/product"}],"author":[{"embeddable":true,"href":"https:\/\/www.sailcom.ch\/de\/wp-json\/wp\/v2\/users\/2"}],"wp:featuredmedia":[{"embeddable":true,"href":"https:\/\/www.sailcom.ch\/de\/wp-json\/wp\/v2\/media\/6472"}],"wp:attachment":[{"href":"https:\/\/www.sailcom.ch\/de\/wp-json\/wp\/v2\/media?parent=1497"}],"wp:term":[{"taxonomy":"product_brand","embeddable":true,"href":"https:\/\/www.sailcom.ch\/de\/wp-json\/wp\/v2\/product_brand?post=1497"},{"taxonomy":"product_cat","embeddable":true,"href":"https:\/\/www.sailcom.ch\/de\/wp-json\/wp\/v2\/product_cat?post=1497"},{"taxonomy":"product_tag","embeddable":true,"href":"https:\/\/www.sailcom.ch\/de\/wp-json\/wp\/v2\/product_tag?post=1497"},{"taxonomy":"sailcom-capability","embeddable":true,"href":"https:\/\/www.sailcom.ch\/de\/wp-json\/wp\/v2\/sailcom-capability?post=1497"},{"taxonomy":"sailcom-location","embeddable":true,"href":"https:\/\/www.sailcom.ch\/de\/wp-json\/wp\/v2\/sailcom-location?post=1497"},{"taxonomy":"sailcom-event-type","embeddable":true,"href":"https:\/\/www.sailcom.ch\/de\/wp-json\/wp\/v2\/sailcom-event-type?post=1497"},{"taxonomy":"sailcom-boat-type","embeddable":true,"href":"https:\/\/www.sailcom.ch\/de\/wp-json\/wp\/v2\/sailcom-boat-type?post=1497"}],"curies":[{"name":"wp","href":"https:\/\/api.w.org\/{rel}","templated":true}]}}