{"id":14307,"date":"2023-09-19T21:04:49","date_gmt":"2023-09-19T19:04:49","guid":{"rendered":"https:\/\/www.sailcom.ch\/product\/product\/"},"modified":"2023-12-30T22:43:24","modified_gmt":"2023-12-30T21:43:24","slug":"event_14307","status":"publish","type":"product","link":"https:\/\/www.sailcom.ch\/de\/produkt\/event_14307\/","title":{"rendered":"Einweisung\/Initiation\/Mitsegeln\/Sortie en voile"},"content":{"rendered":"","protected":false},"excerpt":{"rendered":"<p>Kennenlernen der Platypus und Hafenman\u00f6ver. Das Boot ist A- Schein pflichtig.<br \/>\nNach der Einweisung besteht die M\u00f6glichkeit, ein Plauschsegeln anzuh\u00e4ngen, und wer will, kann die Nacht an Bord verbringen, so dass wir am Sonntag das Wochenende segelnd beenden. F\u00fcr diese Option bitte ich nebst der Anmeldung um eine Benachrichtigung per Telefon, Mail oder WA.<br \/>\nKosten Plauschsegeln: Nutzungswgeb\u00fchr durch Anzahl Teilnehmende<\/p>\n<p>Treffpunkt: Hafen Ouchy, beim Restaurant La Nautica <\/p>\n<p>Initiation: faire connaissance avec le Platypus et des man\u0153uvre dans le port. Pour le bateau il faut avoir le permis A.<br \/>\nApr\u00e8s l&#039;initiation on peut d&#039;ajouter une sortie en voile et on a aussi la possibilit\u00e9 de passer la nuit \u00e0 bord et finisser le weekend en naviguant. Pour cet option, je te prie me contacter par t\u00e9l\u00e9phone, mail ou WA &#8211; merci.<br \/>\nPour s&#039;inscrire tu regarde dans le nouveau Sailnet sous &quot;Events&quot; -&gt; alle<br \/>\nLes frais pour la sortie en voile: on les partage par la nombre des participants.<\/p>\n<p>On se rencontre chez le restaurant La Nautica, port d&#039;Ouchy<\/p>\n","protected":false},"author":2755,"featured_media":10401,"template":"","meta":{"_acf_changed":false,"publish_to_discourse":"","publish_post_category":"","wpdc_auto_publish_overridden":"","wpdc_topic_tags":"","wpdc_pin_topic":"","wpdc_pin_until":"","discourse_post_id":"","discourse_permalink":"","wpdc_publishing_response":"","wpdc_publishing_error":""},"product_brand":[],"product_cat":[225],"product_tag":[],"sailcom-capability":[],"sailcom-location":[340],"sailcom-event-type":[373],"sailcom-boat-type":[],"class_list":{"0":"post-14307","1":"product","2":"type-product","3":"status-publish","4":"has-post-thumbnail","6":"product_cat-einweisungen","7":"sailcom-location-genfersee","8":"sailcom-event-type-einweisungen","10":"first","11":"instock","12":"taxable","13":"shipping-taxable","14":"product-type-sc_event"},"acf":[],"_links":{"self":[{"href":"https:\/\/www.sailcom.ch\/de\/wp-json\/wp\/v2\/product\/14307","targetHints":{"allow":["GET"]}}],"collection":[{"href":"https:\/\/www.sailcom.ch\/de\/wp-json\/wp\/v2\/product"}],"about":[{"href":"https:\/\/www.sailcom.ch\/de\/wp-json\/wp\/v2\/types\/product"}],"author":[{"embeddable":true,"href":"https:\/\/www.sailcom.ch\/de\/wp-json\/wp\/v2\/users\/2755"}],"wp:featuredmedia":[{"embeddable":true,"href":"https:\/\/www.sailcom.ch\/de\/wp-json\/wp\/v2\/media\/10401"}],"wp:attachment":[{"href":"https:\/\/www.sailcom.ch\/de\/wp-json\/wp\/v2\/media?parent=14307"}],"wp:term":[{"taxonomy":"product_brand","embeddable":true,"href":"https:\/\/www.sailcom.ch\/de\/wp-json\/wp\/v2\/product_brand?post=14307"},{"taxonomy":"product_cat","embeddable":true,"href":"https:\/\/www.sailcom.ch\/de\/wp-json\/wp\/v2\/product_cat?post=14307"},{"taxonomy":"product_tag","embeddable":true,"href":"https:\/\/www.sailcom.ch\/de\/wp-json\/wp\/v2\/product_tag?post=14307"},{"taxonomy":"sailcom-capability","embeddable":true,"href":"https:\/\/www.sailcom.ch\/de\/wp-json\/wp\/v2\/sailcom-capability?post=14307"},{"taxonomy":"sailcom-location","embeddable":true,"href":"https:\/\/www.sailcom.ch\/de\/wp-json\/wp\/v2\/sailcom-location?post=14307"},{"taxonomy":"sailcom-event-type","embeddable":true,"href":"https:\/\/www.sailcom.ch\/de\/wp-json\/wp\/v2\/sailcom-event-type?post=14307"},{"taxonomy":"sailcom-boat-type","embeddable":true,"href":"https:\/\/www.sailcom.ch\/de\/wp-json\/wp\/v2\/sailcom-boat-type?post=14307"}],"curies":[{"name":"wp","href":"https:\/\/api.w.org\/{rel}","templated":true}]}}