{"id":13505,"date":"2023-08-23T08:52:45","date_gmt":"2023-08-23T06:52:45","guid":{"rendered":"https:\/\/www.sailcom.ch\/product\/product\/"},"modified":"2023-12-30T22:55:54","modified_gmt":"2023-12-30T21:55:54","slug":"event_13505","status":"publish","type":"product","link":"https:\/\/www.sailcom.ch\/de\/produkt\/event_13505\/","title":{"rendered":"Jubil\u00e4umsanlass und Saisonend-Party"},"content":{"rendered":"","protected":false},"excerpt":{"rendered":"<p>Am Sonntag 29. Oktober wollen wir mit einer <a href=\"https:\/\/www.sailcom.ch\/events_1\/\" target=\"_blank\" rel=\"noopener\"><strong>internen Regatta<\/strong><\/a> (separate Anmeldung) und einem gemeinsamen <strong>Grillabend<\/strong> das <strong>Jubil\u00e4umsjahr 25 Jahre SailCom und 20 Jahre SailCom Race Group<\/strong> ausklingen lassen.<\/p>\n<p>Ort: Gemeinschaftszentrum Wollishofen, Z\u00fcrich, Bachstrasse 37, 8038 Z\u00fcrich (liegt direkt am See)<br \/>\n<strong>Programm<\/strong>:<br \/>\n&#8211; Regatta: 11:00\u201316:00 (Yngling, J70, J80, Start: 13:00 Uhr, Skippermeeting Hafen Wollishofen 12:00 Uhr) und gem\u00fctliches Beisammensein ab 14:00 Uhr im GZ Wollishofen (separate Anmeldung f\u00fcr die Regatte)<br \/>\n&#8211; ab 14:00 Uhr Ap\u00e9ro<br \/>\n&#8211; 16:00: Rangverk\u00fcndigung Regatte<br \/>\n&#8211; 16:30: Begr\u00fcssungen<br \/>\n&#8211; ab ca. 17:30 Nachtessen (Grillbuffet mit W\u00fcrsten (inkl. Vegi-Angebot), Salaten)<br \/>\n<span style=\"color: #ff6600;\"><strong>Anmeldung f\u00fcr das Nachtessen bis sp\u00e4testens 15. Okt. 23,<\/strong><\/span> sp\u00e4tere Anmeldungen zum Essen k\u00f6nnen leider f\u00fcr das Nachtessen nicht mehr\u00a0 ber\u00fccksichtigt werden.<\/p>\n<p>Unkostenbeitrag: Fr. 25.- (inkl. Getr\u00e4nke)<\/p>\n<p><span style=\"color: #ff6600;\"><strong>Anmeldung <\/strong><span style=\"color: #000000;\">abgelaufen, wer noch teilnehmen m\u00f6chte, <span style=\"color: #ff6600;\"><strong>meldet sich bei Katja H\u00fcrlimann:<\/strong><\/span><\/span><\/span> <a href=\"mailto:katja.huerlimann@sailcom.ch\">katja.huerlimann@sailcom.ch<\/a><\/p>\n<p><img fetchpriority=\"high\" decoding=\"async\" class=\"alignnone wp-image-16333 size-large\" src=\"https:\/\/www.sailcom.ch\/wp-content\/uploads\/2023\/06\/Flyer-SC-Zurich-v2-Kopie-768x1024.jpg\" alt=\"\" width=\"768\" height=\"1024\" srcset=\"https:\/\/www.sailcom.ch\/wp-content\/uploads\/2023\/06\/Flyer-SC-Zurich-v2-Kopie-768x1024.jpg 768w, https:\/\/www.sailcom.ch\/wp-content\/uploads\/2023\/06\/Flyer-SC-Zurich-v2-Kopie-225x300.jpg 225w, https:\/\/www.sailcom.ch\/wp-content\/uploads\/2023\/06\/Flyer-SC-Zurich-v2-Kopie-1152x1536.jpg 1152w, https:\/\/www.sailcom.ch\/wp-content\/uploads\/2023\/06\/Flyer-SC-Zurich-v2-Kopie-1536x2048.jpg 1536w, https:\/\/www.sailcom.ch\/wp-content\/uploads\/2023\/06\/Flyer-SC-Zurich-v2-Kopie-600x800.jpg 600w, https:\/\/www.sailcom.ch\/wp-content\/uploads\/2023\/06\/Flyer-SC-Zurich-v2-Kopie-scaled.jpg 1920w\" sizes=\"(max-width: 768px) 100vw, 768px\" \/><\/p>\n","protected":false},"author":6,"featured_media":13723,"template":"","meta":{"_acf_changed":false,"publish_to_discourse":"","publish_post_category":"","wpdc_auto_publish_overridden":"","wpdc_topic_tags":"","wpdc_pin_topic":"","wpdc_pin_until":"","discourse_post_id":"","discourse_permalink":"","wpdc_publishing_response":"","wpdc_publishing_error":""},"product_brand":[],"product_cat":[333],"product_tag":[334],"sailcom-capability":[],"sailcom-location":[348],"sailcom-event-type":[371],"sailcom-boat-type":[],"class_list":{"0":"post-13505","1":"product","2":"type-product","3":"status-publish","4":"has-post-thumbnail","6":"product_cat-events-an-land","7":"product_tag-sailcom-invoicing-event","8":"sailcom-location-zurichsee","9":"sailcom-event-type-events-an-land","11":"first","12":"outofstock","13":"featured","14":"taxable","15":"shipping-taxable","16":"product-type-sc_event"},"acf":[],"_links":{"self":[{"href":"https:\/\/www.sailcom.ch\/de\/wp-json\/wp\/v2\/product\/13505","targetHints":{"allow":["GET"]}}],"collection":[{"href":"https:\/\/www.sailcom.ch\/de\/wp-json\/wp\/v2\/product"}],"about":[{"href":"https:\/\/www.sailcom.ch\/de\/wp-json\/wp\/v2\/types\/product"}],"author":[{"embeddable":true,"href":"https:\/\/www.sailcom.ch\/de\/wp-json\/wp\/v2\/users\/6"}],"wp:featuredmedia":[{"embeddable":true,"href":"https:\/\/www.sailcom.ch\/de\/wp-json\/wp\/v2\/media\/13723"}],"wp:attachment":[{"href":"https:\/\/www.sailcom.ch\/de\/wp-json\/wp\/v2\/media?parent=13505"}],"wp:term":[{"taxonomy":"product_brand","embeddable":true,"href":"https:\/\/www.sailcom.ch\/de\/wp-json\/wp\/v2\/product_brand?post=13505"},{"taxonomy":"product_cat","embeddable":true,"href":"https:\/\/www.sailcom.ch\/de\/wp-json\/wp\/v2\/product_cat?post=13505"},{"taxonomy":"product_tag","embeddable":true,"href":"https:\/\/www.sailcom.ch\/de\/wp-json\/wp\/v2\/product_tag?post=13505"},{"taxonomy":"sailcom-capability","embeddable":true,"href":"https:\/\/www.sailcom.ch\/de\/wp-json\/wp\/v2\/sailcom-capability?post=13505"},{"taxonomy":"sailcom-location","embeddable":true,"href":"https:\/\/www.sailcom.ch\/de\/wp-json\/wp\/v2\/sailcom-location?post=13505"},{"taxonomy":"sailcom-event-type","embeddable":true,"href":"https:\/\/www.sailcom.ch\/de\/wp-json\/wp\/v2\/sailcom-event-type?post=13505"},{"taxonomy":"sailcom-boat-type","embeddable":true,"href":"https:\/\/www.sailcom.ch\/de\/wp-json\/wp\/v2\/sailcom-boat-type?post=13505"}],"curies":[{"name":"wp","href":"https:\/\/api.w.org\/{rel}","templated":true}]}}