{"id":11114,"date":"2023-07-08T11:51:11","date_gmt":"2023-07-08T09:51:11","guid":{"rendered":"https:\/\/www.sailcom.ch\/product\/product\/"},"modified":"2023-12-30T22:52:50","modified_gmt":"2023-12-30T21:52:50","slug":"event_11114","status":"publish","type":"product","link":"https:\/\/www.sailcom.ch\/de\/produkt\/event_11114\/","title":{"rendered":"SailCom \/ Racegroup Jubil\u00e4um: Transport Getr\u00e4nke f\u00fcr SailCom-Fest"},"content":{"rendered":"","protected":false},"excerpt":{"rendered":"<p>SailCom-Fest am 29. Oktober 2023: Wir suchen 1\u20132 Personen mit <strong>Kleintransporter<\/strong>, die am Samstag bei Intercomestibles (Z\u00fcrich) die Getr\u00e4nke abholen, am Sonntag zum GZ Wollishofen (Bachstrasse 7, Z\u00fcrich) bringen, die Retouren \u00a0wieder mitnehmen und am Montag bei Intercomestibles zur\u00fcckgeben.<\/p>\n<p>Anzurechnende B-Statusstunden: 10 Stunden<\/p>\n","protected":false},"author":6,"featured_media":0,"template":"","meta":{"_acf_changed":false,"publish_to_discourse":"","publish_post_category":"","wpdc_auto_publish_overridden":"","wpdc_topic_tags":"","wpdc_pin_topic":"","wpdc_pin_until":"","discourse_post_id":"","discourse_permalink":"","wpdc_publishing_response":"","wpdc_publishing_error":""},"product_brand":[],"product_cat":[214],"product_tag":[],"sailcom-capability":[],"sailcom-location":[348],"sailcom-event-type":[380],"sailcom-boat-type":[],"class_list":{"0":"post-11114","1":"product","2":"type-product","3":"status-publish","5":"product_cat-maintenance","6":"sailcom-location-zurichsee","7":"sailcom-event-type-maintenance","9":"first","10":"outofstock","11":"taxable","12":"shipping-taxable","13":"product-type-sc_event"},"acf":[],"_links":{"self":[{"href":"https:\/\/www.sailcom.ch\/de\/wp-json\/wp\/v2\/product\/11114","targetHints":{"allow":["GET"]}}],"collection":[{"href":"https:\/\/www.sailcom.ch\/de\/wp-json\/wp\/v2\/product"}],"about":[{"href":"https:\/\/www.sailcom.ch\/de\/wp-json\/wp\/v2\/types\/product"}],"author":[{"embeddable":true,"href":"https:\/\/www.sailcom.ch\/de\/wp-json\/wp\/v2\/users\/6"}],"wp:attachment":[{"href":"https:\/\/www.sailcom.ch\/de\/wp-json\/wp\/v2\/media?parent=11114"}],"wp:term":[{"taxonomy":"product_brand","embeddable":true,"href":"https:\/\/www.sailcom.ch\/de\/wp-json\/wp\/v2\/product_brand?post=11114"},{"taxonomy":"product_cat","embeddable":true,"href":"https:\/\/www.sailcom.ch\/de\/wp-json\/wp\/v2\/product_cat?post=11114"},{"taxonomy":"product_tag","embeddable":true,"href":"https:\/\/www.sailcom.ch\/de\/wp-json\/wp\/v2\/product_tag?post=11114"},{"taxonomy":"sailcom-capability","embeddable":true,"href":"https:\/\/www.sailcom.ch\/de\/wp-json\/wp\/v2\/sailcom-capability?post=11114"},{"taxonomy":"sailcom-location","embeddable":true,"href":"https:\/\/www.sailcom.ch\/de\/wp-json\/wp\/v2\/sailcom-location?post=11114"},{"taxonomy":"sailcom-event-type","embeddable":true,"href":"https:\/\/www.sailcom.ch\/de\/wp-json\/wp\/v2\/sailcom-event-type?post=11114"},{"taxonomy":"sailcom-boat-type","embeddable":true,"href":"https:\/\/www.sailcom.ch\/de\/wp-json\/wp\/v2\/sailcom-boat-type?post=11114"}],"curies":[{"name":"wp","href":"https:\/\/api.w.org\/{rel}","templated":true}]}}