{"id":1955,"date":"2023-02-11T14:22:58","date_gmt":"2023-02-11T13:22:58","guid":{"rendered":"https:\/\/www.sailcom.ch\/?page_id=1955"},"modified":"2023-11-03T15:36:20","modified_gmt":"2023-11-03T14:36:20","slug":"datenschutz","status":"publish","type":"page","link":"https:\/\/www.sailcom.ch\/de\/datenschutz\/","title":{"rendered":"Datenschutz"},"content":{"rendered":"<p>Datenschutzerkl\u00e4rung der SailCom Genossenschaft<\/p>\n\n\n\n<p>Stand 31.10.2023<\/p>\n\n\n\n<p>Die SailCom Genossenschaft, nachfolgend SailCom genannt, h\u00e4lt sich bei der Datenbearbeitung an die Bestimmungen der jeweils aktuellen schweizerischen Datenschutzgesetzgebung.<\/p>\n\n\n\n<p>Diese Datenschutzerkl\u00e4rung gibt Auskunft dr\u00fcber, wie und zu welchem Zweck SailCom Genossenschaft ihre Personendaten bearbeitet, welche Sie und bekanntgeben oder die wir von ihnen erheben. Sie gilt f\u00fcr alle Nutzerinnen und Nutzer, die die Angebote von SailCom in Anspruch nehmen. Mit der Nutzung der Angebote von SailCom wird diese Datenschutzerkl\u00e4rung akzeptiert.<\/p>\n\n\n\n<p>Es gilt die jeweils aktuelle Fassung der Datenschutzerkl\u00e4rung in deutscher Sprache, die auf der Website von SailCom unter der Adresse <a href=\"https:\/\/www.sailcom.ch\/datenschutz\">https:\/\/www.sailcom.ch\/datenschutz<\/a> abrufbar ist.<\/p>\n\n\n\n<ol class=\"wp-block-list\" type=\"1\" start=\"1\">\n<li><strong>Verantwortlicher und Anlaufstellen f\u00fcr Datenschutzbelange<\/strong><\/li>\n<\/ol>\n\n\n\n<p><strong>Name und Anschrift des f\u00fcr die Bearbeitung Verantwortlichen sind wie folgt:<\/strong><\/p>\n\n\n\n<p>SailCom Genossenschaft<\/p>\n\n\n\n<p>Zugerstrasse 32<\/p>\n\n\n\n<p>6340 Baar<\/p>\n\n\n\n<p>datenschutz@sailcom.ch<\/p>\n\n\n\n<p>Tel. 044\/322 66 26<\/p>\n\n\n\n<ol class=\"wp-block-list\" type=\"1\" start=\"2\">\n<li><strong>Datenkategorien und Bearbeitungszwecke<\/strong><\/li>\n<\/ol>\n\n\n\n<p>Wir bearbeiten grunds\u00e4tzlich nur die Personendaten, die wir im Rahmen unserer Gesch\u00e4ftst\u00e4tigkeit von unseren Mitgliedern, Nutzern, Interessenten und Webseitenbesuchern erhalten oder erheben. Das sind folgende Personendaten:<\/p>\n\n\n\n<ol class=\"wp-block-list\" type=\"a\" start=\"1\">\n<li><em>Bei der Anmeldung erfasste Daten<\/em><\/li>\n<\/ol>\n\n\n\n<p>F\u00fcr die Nutzung der Dienste von SailCom ist die Hinterlegung und \u00dcbermittlung der folgenden Angaben bei der Anmeldung erforderlich:<\/p>\n\n\n\n<ul class=\"wp-block-list\">\n<li>Vorname, Name<\/li>\n\n\n\n<li>Geburtsdatum<\/li>\n\n\n\n<li>Wohnadresse<\/li>\n\n\n\n<li>Telefonnummer<\/li>\n\n\n\n<li>E-Mail-Adresse<\/li>\n\n\n\n<li>F\u00fchrerausweisdaten<\/li>\n\n\n\n<li>Korrespondenzsprache<\/li>\n\n\n\n<li>Zahlungsverbindung<\/li>\n<\/ul>\n\n\n\n<p>Neben den oben angegebenen Grunddaten, die zur Nutzung der SailCom Dienste zwingend notwendig sind, werden aus technischen, organisatorischen und rechtlichen Gr\u00fcnden die folgenden Angaben mit erhoben:<\/p>\n\n\n\n<ul class=\"wp-block-list\">\n<li>IP-Adresse,<\/li>\n\n\n\n<li>Kanal und Datum der Registrierung,<\/li>\n\n\n\n<li>Datum der Annahme der AGB und Datenschutzerkl\u00e4rung<\/li>\n<\/ul>\n\n\n\n<p>Die hinterlegten Daten werden ausschliesslich f\u00fcr den Vertragsabschluss, die Abwicklung der Dienstleistungen und f\u00fcr die Kommunikation zwischen der SailCom und den Mitgliedern und Nutzern verwendet.<\/p>\n\n\n\n<ol class=\"wp-block-list\" type=\"a\" start=\"2\">\n<li><em>Nutzung des Angebots<\/em><\/li>\n<\/ol>\n\n\n\n<p>SailCom erhebt, speichert und verarbeitet Daten \u00fcber den jeweiligen Beginn und das Ende einer Reservation oder einer Veranstaltungsteilnahme sowie das damit in Verbindung genutzte Angebot und die sich daraus ergebenden Abrechnungsdaten.<\/p>\n\n\n\n<ol class=\"wp-block-list\" type=\"a\" start=\"3\">\n<li><em>Kommunikations- und Kontaktdaten<\/em><\/li>\n<\/ol>\n\n\n\n<p>SailCom kann \u00fcber verschiedene Kontaktkan\u00e4le (angegeben E-Mail-Adresse, Telefonnummer) erreicht werden. Dabei werden je nach Kanal eventuell Daten erfasst, die neben den Inhalten der Kommunikation auch Personendaten enthalten k\u00f6nnen.&nbsp; Die an uns \u00fcbermittelten Personendaten werden von uns gespeichert und f\u00fcr die Erledigung Ihrer Anfrage bearbeitet. Wenn SailCom per E-Mail kontaktiert wird, wird sie somit erm\u00e4chtigt, \u00fcber den gleichen Kanal zu antworten. Dabei kann die Kommunikation via unverschl\u00fcsselte E-Mails \u00fcber das offene Internet erfolgen, weshalb nicht ausgeschlossen werden kann, dass sie f\u00fcr Dritte einsehbar, zug\u00e4nglich und manipulierbar sind. SailCom schliesst \u2013 soweit gesetzlich zul\u00e4ssig \u2013 jegliche Haftung aus, welche den Mitgliedern oder Nutzer insbesondere infolge fehlerhafter \u00dcbermittlung, inhaltlicher F\u00e4lschung oder St\u00f6rung des Netzes (Unterbr\u00fcche, \u00dcberbelastung, rechtswidrige Eingriffe, Blockierung) entstehen.<\/p>\n\n\n\n<ol class=\"wp-block-list\" type=\"a\" start=\"4\">\n<li><em>SailCom-Webseiten<\/em><\/li>\n<\/ol>\n\n\n\n<p>SailCom sammelt und verwendet Daten, die der Nutzer generiert, \u00fcbermittelt oder offenlegt, w\u00e4hrend er die Webseiten von SailCom nutzt.<\/p>\n\n\n\n<p>Bei der Nutzung der SailCom-Webseite werden allgemeine Daten und digitale Informationen in den Server-Logfiles gespeichert. Das k\u00f6nnen die Namen der angeforderten Dateien und Unterwebseiten sein, Datum und Uhrzeit des Abrufs, IP-Adresse und Provider des Nutzers sowie Informationen \u00fcber sein Betriebssystem, seinen Internet-Browser und die Webseite, von welcher aus er zur SailCom-Webseite gelangt ist. Diese Daten werden ausschliesslich zur Sicherstellung eines st\u00f6rungsfreien Betriebs der Seite und zur Verbesserung des Angebots ausgewertet. Das erlaubt es SailCom, die Funktionsf\u00e4higkeit der Informatik-Infrastruktur und der Webseite zu erhalten sowie Datenschutz und Datensicherheit zu optimieren. Zudem k\u00f6nnen im Falle eines Cyberangriffes die notwendigen Informationen f\u00fcr die polizeilichen Untersuchungen zur Verf\u00fcgung gestellt werden.<\/p>\n\n\n\n<p>SailCom verwendet auf der Webseite Cookies. Diese kleinen Dateien enthalten eine eindeutige digitale Kennung, welche die Wiedererkennung des Browsers des Nutzers gestattet, sobald dieser die Webseite erneut aufsucht.<\/p>\n\n\n\n<p>Mit Hilfe von Google Analytics untersucht SailCom die Nutzung des Web-Angebots. Google Analytics verwendet dazu Cookies, welche an Server im Ausland \u00fcbertragen und dort gespeichert werden. Mit der Nutzung unserer Webseite erkl\u00e4ren sich die Nutzerinnen und Nutzer mit der \u00dcbertragung dieser Daten einverstanden. SailCom verwendet in Links zu Webseiten anderer Anbieter. Dabei kann SailCom keine Haftung f\u00fcr deren Inhalte oder die dort geltenden Datenschutzerkl\u00e4rungen und allf\u00e4llig anderslautenden gesetzlichen Bestimmungen \u00fcbernehmen.<\/p>\n\n\n\n<p>SailCom kann weitere Serviceangebote von Drittanbietern, z. B. YouTube, nutzen. Diese Einbindung setzt immer voraus, dass der jeweilige Drittanbieter die IP-Adresse und weitere Informationen der Besucher auf der SailCom- Webseite erfassen und verarbeiten kann. Mit der Nutzung der Webseite erkl\u00e4ren sich die Nutzenden damit einverstanden. Die Installation von Cookies oder Trackern kann durch eine entsprechende Einstellung der Browser Software auf Nutzerseite verhindert werden. In diesem Fall sind gegebenenfalls nicht s\u00e4mtliche Funktionen der SailCom-Website vollumf\u00e4nglich nutzbar.<\/p>\n\n\n\n<ol class=\"wp-block-list\" type=\"a\" start=\"5\">\n<li><em>Kontaktformular<\/em><\/li>\n<\/ol>\n\n\n\n<p>Man kann \u00fcber das auf unserer Webseite zur Verf\u00fcgung gestellte Kontaktformular mit uns in Kontakt treten. Die an uns \u00fcbermittelten Personendaten werden von uns gespeichert und f\u00fcr die Erledigung Ihrer Anfrage bearbeitet.<\/p>\n\n\n\n<ol class=\"wp-block-list\" type=\"a\" start=\"6\">\n<li><em>Newsletter<\/em><\/li>\n<\/ol>\n\n\n\n<p>Mitglieder, Nutzende und Interessierte haben die M\u00f6glichkeit, den SailCom-Newsletter zu abonnieren. Mit der Anmeldung zum Newsletter wird akzeptiert, dass SailCom ihre Kontaktdaten f\u00fcr eigene Werbezwecke wie z.B. f\u00fcr die Zusendung von E-Mails mit werbendem Charakter, z.B. f\u00fcr Einladungen zu Veranstaltungen verwendet.<\/p>\n\n\n\n<p>Die offizielle Kommunikation der Genossenschaft (z.B. \u00c4nderungen der AGB, Einladungen zur Generalversammlung u.a.) mit ihren Mitgliedern und Nutzenden findet \u00fcber einen offiziellen Newsletter statt, bei dem die Einwilligung zum Empfang nicht widerrufen werden kann.<\/p>\n\n\n\n<ol class=\"wp-block-list\" type=\"1\" start=\"3\">\n<li><strong>Soziale Plugins<\/strong><\/li>\n<\/ol>\n\n\n\n<p>Das Internetangebot der SailCom verwendet Social Plugins (&#8220;Plugins&#8221;) von sozialen Netzwerken (z.B. facebook.com und youtube.com). Die Plugins sind an dem Logo oder dem Namen des sozialen Netzwerks erkennbar. Die Plugins erm\u00f6glichen es den Nutzenden, Lesezeichen auf diesen Seiten zu setzen und diese Lesezeichen mit anderen Nutzern der sozialen Netzwerke zu teilen.<\/p>\n\n\n\n<p>Wenn eine Webseite von SailCom aufgerufen wird, die Plugins enth\u00e4lt, baut der Browser eine direkte Verbindung mit den Servern des sozialen Netzwerkes auf. Durch die Einbindung der Plugins erh\u00e4lt das soziale Netzwerk die Information, dass die entsprechende Seite des SailCom-Webauftritts aufgerufen wurde. Ist der oder die Besucher*in bei dem sozialen Netzwerk eingeloggt, kann der Besuch dem entsprechenden Konto des sozialen Netzwerks zugeordnet werden. Wenn der oder die Besucher*in mit den Plugins interagiert, zum Beispiel den Facebook Like Button bet\u00e4tigt oder einen Kommentar abgibt, wird die entsprechende Information von Ihrem Browser direkt an das soziale Netzwerk \u00fcbermittelt und dort gespeichert. Auch wenn der oder die Besucher*in nicht bei dem sozialen Netzwerk eingeloggt ist, besteht die M\u00f6glichkeit, dass das Plugin die IP-Adresse an das soziale Netzwerk \u00fcbermittelt.<\/p>\n\n\n\n<p>SailCom hat keinen Einfluss auf den Umfang der durch die Plugins erhobenen Daten sowie den Zweck und Umfang der damit verbundenen Datenverarbeitung. Informationen zum Zweck und Umfang der Datenverarbeitung durch die sozialen Netzwerke sowie zu den diesbez\u00fcglichen Rechten und Einstellungsm\u00f6glichkeiten zum Schutz der Daten des Nutzers finden sich in den Datenschutzhinweisen auf den Webseiten der jeweiligen sozialen Netzwerke. Weitere Informationen zu den Plugins und den Datenschutzrichtlinien der sozialen Netzwerke finden sich in den Datenschutzerkl\u00e4rungen der jeweiligen sozialen Netzwerke (z.B. Facebook, YouTube, X, Instagram etc.).<\/p>\n\n\n\n<p>Wenn der oder die Besucher*in nicht m\u00f6chte, dass ein soziales Netzwerk die \u00fcber die SailCom-Website gesammelten Daten mit dem Konto des entsprechenden sozialen Netzwerks verkn\u00fcpft, muss sich die Kundin oder der Kunde vor der Nutzung der SailCom-Website beim entsprechenden sozialen Netzwerk ausloggen.<\/p>\n\n\n\n<ol class=\"wp-block-list\" type=\"1\" start=\"4\">\n<li><strong>Bekanntgabe von Personendaten an Dritte oder ins Ausland<\/strong><\/li>\n<\/ol>\n\n\n\n<p>Mitglieder oder Nutzer willigen darin ein, dass SailCom Personendaten ihrer Mitglieder und Nutzenden in folgenden F\u00e4llen an Dritte bekanntgibt:<\/p>\n\n\n\n<ol class=\"wp-block-list\" type=\"a\" start=\"1\">\n<li>Auf Veranlassung der Mitglieder und\/oder Nutzenden (z.B. Social Media)<\/li>\n\n\n\n<li>Anbietern, an welche SailCom bestimmte Dienstleistungen ausgelagert hat (z.B. Buchhaltung, IT und Hosting Anbieter, Werbe- und Marketingdienstleitungen) sowie andere Lieferanten und Subunternehmer<\/li>\n\n\n\n<li>Wenn SailCom mit Anspr\u00fcchen konfrontiert wird, die sich aus dem Verhalten der Mitglieder oder Nutzer ergeben. (z.B. gegen\u00fcber Beh\u00f6rden, Hafenbetreibern, usw.)<\/li>\n\n\n\n<li>Den schweizerischen Beh\u00f6rden gem\u00e4ss den gesetzlichen Bestimmungen bzw. auf beh\u00f6rdliche Anordnung hin.<\/li>\n<\/ol>\n\n\n\n<p>Grunds\u00e4tzlich bearbeitet SailCom die Personendaten ihrer Mitglieder und Nutzer in der Schweiz. Es kann aber ausnahmsweise sein, dass die Personendaten in bestimmten F\u00e4llen (z.B. beim Beizug bestimmter Dienstleister oder der Nutzung bestimmter Softwareapplikationen) auch ins Ausland \u00fcbermittelt werden, vorwiegend in die Mitgliedstaaten der Europ\u00e4ischen Union und der EFTA, teilweise aber auch in andere L\u00e4nder weltweit, insbesondere in die USA (vorwiegend im Zusammenhang mit Cookies, Social Media Plug-ins und an- deren Softwareapplikationen von Drittanbietern).<\/p>\n\n\n\n<p>Wenn SailCom die Daten in ein Land ohne angemessenen gesetzlichen Datenschutz \u00fcbermitteln, sorgt SailCom wie gesetzlich vorgesehen mittels Einsatz von entsprechenden Vertr\u00e4gen&nbsp; f\u00fcr ein angemessenes Schutzniveau. Dennoch weisen wir darauf hin, dass ins Ausland \u00fcbermittelte Daten nicht mehr vom schweizerischen Recht gesch\u00fctzt sind und ausl\u00e4ndische Gesetze sowie beh\u00f6rdliche Anordnungen die Weitergabe dieser Daten an Beh\u00f6rden und andere Dritte verlangen k\u00f6nnen.<\/p>\n\n\n\n<ol class=\"wp-block-list\" type=\"1\" start=\"5\">\n<li><strong>Aufbewahrungsdauer<\/strong><\/li>\n<\/ol>\n\n\n\n<p>Die Aufbewahrungsdauer der Daten richtet sich nach deren Verwendungszweck. Die Personendaten werden nur so lange aufbewahrt, wie es f\u00fcr den Gesch\u00e4ftszweck erforderlich und angemessen ist.<\/p>\n\n\n\n<p>Daten, zu deren Aufbewahrung SailCom aufgrund gesetzlicher Vorschriften verpflichtet ist (z.B. aufgrund buchhalterischer oder steuerrechtlicher Dokumentations- und Aufbewahrungspflichten), werden mindestens f\u00fcr die Dauer der gesetzlichen Aufbewahrungspflicht gespeichert.<\/p>\n\n\n\n<ol class=\"wp-block-list\" type=\"1\" start=\"6\">\n<li><strong>Rechte der Betroffen<\/strong><\/li>\n<\/ol>\n\n\n\n<p>Es besteht der Anspruch, die an SailCom \u00fcbermittelten pers\u00f6nlichen Daten der eigenen Person jederzeit korrigieren\/aktualisieren oder l\u00f6schen zu lassen, sofern SailCom diese nicht aufgrund gesetzlicher Bestimmungen aufbewahren muss. Wird die L\u00f6schung von Personendaten gew\u00fcnscht, kann dies per E-Mail an datenschutz@sailcom.ch und einer Beschreibung des Anliegens verlangt werden. SailCom pr\u00fcft vor einer L\u00f6schung die pers\u00f6nliche Berechtigung f\u00fcr den Antrag.<\/p>\n\n\n\n<p>Jede Person das Recht auf Auskunft \u00fcber die von SailCom \u00fcber sie gespeicherten und verarbeiteten Daten. Damit SailCom einem Auskunftsgesuch nachkommen kann, muss der Antrag auf Auskunft zusammen mit einem Identit\u00e4tsnachweis an die Adresse datenschutz@sailcom.ch gesendet werden.<\/p>\n\n\n\n<p>SailCom kann die Auskunft bzw. Datenherausgabe einschr\u00e4nken oder verweigern, wenn dies den gesetzlichen Verpflichtungen, berechtigten eigenen oder \u00f6ffentlichen Interessen oder denen einer Drittperson entgegensteht.<\/p>\n\n\n\n<ol class=\"wp-block-list\" type=\"1\" start=\"7\">\n<li><strong>Datensicherheit<\/strong><\/li>\n<\/ol>\n\n\n\n<p>Die von SailCom oder von SailCom beauftragten Dienstleistern bearbeiteten und\/oder gespeicherten Daten werden durch geeignete technische und organisatorische Massnahmen gegen Verlust, Zerst\u00f6rung, Manipulation sowie gegen Zugriff, Ver\u00e4nderung oder Verbreitung durch unbefugte Personen gesch\u00fctzt. Es werden nur jene Daten erhoben, welche f\u00fcr die genannten Zwecke unbedingt notwendig sind.<\/p>\n\n\n\n<ol class=\"wp-block-list\" type=\"1\" start=\"8\">\n<li><strong>\u00c4nderungen der Datenschutzerkl\u00e4rung<\/strong><\/li>\n<\/ol>\n\n\n\n<p>SailCom beh\u00e4lt sich das Recht vor, diese Datenschutzerkl\u00e4rung jederzeit zu \u00e4ndern. \u00c4nderungen (inkl. Wegfall von Rechten und\/oder Vorteilen) begr\u00fcnden kein ausserordentliches K\u00fcndigungsrecht. \u00c4nderungen werden in geeigneter Form mitgeteilt und gelten mit dem kommunizierten \u00c4nderungsdatum als genehmigt.<\/p>","protected":false},"excerpt":{"rendered":"<p>Datenschutzerkl\u00e4rung der SailCom Genossenschaft Stand 31.10.2023 Die SailCom Genossenschaft, nachfolgend SailCom genannt, h\u00e4lt sich bei der Datenbearbeitung an die Bestimmungen der jeweils aktuellen schweizerischen Datenschutzgesetzgebung. Diese Datenschutzerkl\u00e4rung gibt Auskunft dr\u00fcber, wie und zu welchem Zweck SailCom Genossenschaft ihre Personendaten bearbeitet, welche Sie und bekanntgeben oder die wir von ihnen erheben. Sie gilt f\u00fcr alle Nutzerinnen [&hellip;]<\/p>\n","protected":false},"author":2,"featured_media":0,"parent":0,"menu_order":0,"comment_status":"closed","ping_status":"closed","template":"","meta":{"_acf_changed":false,"publish_to_discourse":"","publish_post_category":"","wpdc_auto_publish_overridden":"","wpdc_topic_tags":"","wpdc_pin_topic":"","wpdc_pin_until":"","discourse_post_id":"","discourse_permalink":"","wpdc_publishing_response":"","wpdc_publishing_error":"","footnotes":""},"sailcom-location":[],"sailcom-event-type":[],"sailcom-boat-type":[],"class_list":["post-1955","page","type-page","status-publish","hentry"],"acf":[],"_links":{"self":[{"href":"https:\/\/www.sailcom.ch\/de\/wp-json\/wp\/v2\/pages\/1955","targetHints":{"allow":["GET"]}}],"collection":[{"href":"https:\/\/www.sailcom.ch\/de\/wp-json\/wp\/v2\/pages"}],"about":[{"href":"https:\/\/www.sailcom.ch\/de\/wp-json\/wp\/v2\/types\/page"}],"author":[{"embeddable":true,"href":"https:\/\/www.sailcom.ch\/de\/wp-json\/wp\/v2\/users\/2"}],"replies":[{"embeddable":true,"href":"https:\/\/www.sailcom.ch\/de\/wp-json\/wp\/v2\/comments?post=1955"}],"version-history":[{"count":3,"href":"https:\/\/www.sailcom.ch\/de\/wp-json\/wp\/v2\/pages\/1955\/revisions"}],"predecessor-version":[{"id":18186,"href":"https:\/\/www.sailcom.ch\/de\/wp-json\/wp\/v2\/pages\/1955\/revisions\/18186"}],"wp:attachment":[{"href":"https:\/\/www.sailcom.ch\/de\/wp-json\/wp\/v2\/media?parent=1955"}],"wp:term":[{"taxonomy":"sailcom-location","embeddable":true,"href":"https:\/\/www.sailcom.ch\/de\/wp-json\/wp\/v2\/sailcom-location?post=1955"},{"taxonomy":"sailcom-event-type","embeddable":true,"href":"https:\/\/www.sailcom.ch\/de\/wp-json\/wp\/v2\/sailcom-event-type?post=1955"},{"taxonomy":"sailcom-boat-type","embeddable":true,"href":"https:\/\/www.sailcom.ch\/de\/wp-json\/wp\/v2\/sailcom-boat-type?post=1955"}],"curies":[{"name":"wp","href":"https:\/\/api.w.org\/{rel}","templated":true}]}}